{"id":16,"date":"2020-12-16T08:49:12","date_gmt":"2020-12-16T07:49:12","guid":{"rendered":"https:\/\/fjordminerals.no\/?page_id=16"},"modified":"2022-03-21T12:18:33","modified_gmt":"2022-03-21T11:18:33","slug":"referanser","status":"publish","type":"page","link":"https:\/\/fjordminerals.no\/en\/referanser\/","title":{"rendered":"References"},"content":{"rendered":"\t\t<div data-elementor-type=\"wp-page\" data-elementor-id=\"16\" class=\"elementor elementor-16\" data-elementor-post-type=\"page\">\n\t\t\t\t\t\t<section class=\"elementor-section elementor-top-section elementor-element elementor-element-686510f elementor-section-full_width elementor-section-height-default elementor-section-height-default\" data-id=\"686510f\" data-element_type=\"section\" data-e-type=\"section\" data-settings=\"{&quot;motion_fx_motion_fx_scrolling&quot;:&quot;yes&quot;,&quot;motion_fx_devices&quot;:[&quot;desktop&quot;,&quot;tablet&quot;,&quot;mobile&quot;]}\">\n\t\t\t\t\t\t<div class=\"elementor-container elementor-column-gap-default\">\n\t\t\t\t\t<div class=\"elementor-column elementor-col-50 elementor-top-column elementor-element elementor-element-33d7b7fb\" data-id=\"33d7b7fb\" data-element_type=\"column\" data-e-type=\"column\">\n\t\t\t<div class=\"elementor-widget-wrap elementor-element-populated\">\n\t\t\t\t\t\t<div class=\"elementor-element elementor-element-493a63f elementor-grid-2 elementor-posts__hover-none elementor-grid-tablet-2 elementor-grid-mobile-1 elementor-posts--thumbnail-top elementor-widget elementor-widget-posts\" data-id=\"493a63f\" data-element_type=\"widget\" data-e-type=\"widget\" data-settings=\"{&quot;cards_columns&quot;:&quot;2&quot;,&quot;cards_row_gap&quot;:{&quot;unit&quot;:&quot;px&quot;,&quot;size&quot;:&quot;60&quot;,&quot;sizes&quot;:[]},&quot;cards_columns_tablet&quot;:&quot;2&quot;,&quot;cards_columns_mobile&quot;:&quot;1&quot;,&quot;cards_row_gap_tablet&quot;:{&quot;unit&quot;:&quot;px&quot;,&quot;size&quot;:&quot;&quot;,&quot;sizes&quot;:[]},&quot;cards_row_gap_mobile&quot;:{&quot;unit&quot;:&quot;px&quot;,&quot;size&quot;:&quot;&quot;,&quot;sizes&quot;:[]}}\" data-widget_type=\"posts.cards\">\n\t\t\t\t<div class=\"elementor-widget-container\">\n\t\t\t\t\t\t\t<div class=\"elementor-posts-container elementor-posts elementor-posts--skin-cards elementor-grid\" role=\"list\">\n\t\t\t\t<article class=\"elementor-post elementor-grid-item post-1 post type-post status-publish format-standard has-post-thumbnail hentry category-utovere tag-referanser tag-utovere\" role=\"listitem\">\n\t\t\t<div class=\"elementor-post__card\">\n\t\t\t\t<a class=\"elementor-post__thumbnail__link\" href=\"https:\/\/fjordminerals.no\/en\/alexander-kristoff-bruker-fjord-minerals-under-alle-konkurranser\/\" tabindex=\"-1\" ><div class=\"elementor-post__thumbnail\"><img fetchpriority=\"high\" decoding=\"async\" width=\"800\" height=\"624\" src=\"https:\/\/fjordminerals.no\/wp-content\/uploads\/2020\/12\/Alexander-Kristoff-erfaringer-med-Crampfix-web.jpg\" class=\"attachment-full size-full wp-image-103\" alt=\"Alexander Kristoff erfaringer med Crampfix\" srcset=\"https:\/\/fjordminerals.no\/wp-content\/uploads\/2020\/12\/Alexander-Kristoff-erfaringer-med-Crampfix-web.jpg 800w, https:\/\/fjordminerals.no\/wp-content\/uploads\/2020\/12\/Alexander-Kristoff-erfaringer-med-Crampfix-web-416x324.jpg 416w, https:\/\/fjordminerals.no\/wp-content\/uploads\/2020\/12\/Alexander-Kristoff-erfaringer-med-Crampfix-web-300x234.jpg 300w, https:\/\/fjordminerals.no\/wp-content\/uploads\/2020\/12\/Alexander-Kristoff-erfaringer-med-Crampfix-web-768x599.jpg 768w\" sizes=\"(max-width: 800px) 100vw, 800px\" \/><\/div><\/a>\n\t\t\t\t<div class=\"elementor-post__badge\">Ut\u00f8vere<\/div>\n\t\t\t\t<div class=\"elementor-post__text\">\n\t\t\t\t<h3 class=\"elementor-post__title\">\n\t\t\t<a href=\"https:\/\/fjordminerals.no\/en\/alexander-kristoff-bruker-fjord-minerals-under-alle-konkurranser\/\" >\n\t\t\t\tAlexander Kristoff bruker Fjord Minerals under alle konkurranser\t\t\t<\/a>\n\t\t<\/h3>\n\t\t\t\t<div class=\"elementor-post__excerpt\">\n\t\t\t<p>Jeg har brukt mineraler fra FJORD MINERALS i over 10 \u00e5r. Jeg bruker mineralene selvf\u00f8lgelig under alle konkurranser, men ogs\u00e5 som en viktig del av<\/p>\n\t\t<\/div>\n\t\t\n\t\t<a class=\"elementor-post__read-more\" href=\"https:\/\/fjordminerals.no\/en\/alexander-kristoff-bruker-fjord-minerals-under-alle-konkurranser\/\" aria-label=\"Read more about Alexander Kristoff bruker Fjord Minerals under alle konkurranser\" tabindex=\"-1\" >\n\t\t\tLes mer \u00bb\t\t<\/a>\n\n\t\t\t\t<\/div>\n\t\t\t\t\t<\/div>\n\t\t<\/article>\n\t\t\t\t<article class=\"elementor-post elementor-grid-item post-207 post type-post status-publish format-standard has-post-thumbnail hentry category-utovere tag-referanser tag-utovere\" role=\"listitem\">\n\t\t\t<div class=\"elementor-post__card\">\n\t\t\t\t<a class=\"elementor-post__thumbnail__link\" href=\"https:\/\/fjordminerals.no\/en\/elisabeth-sveum-benytter-crampfix-pa-hver-trening\/\" tabindex=\"-1\" ><div class=\"elementor-post__thumbnail\"><img decoding=\"async\" width=\"1200\" height=\"800\" src=\"https:\/\/fjordminerals.no\/wp-content\/uploads\/2020\/12\/Skaidi-Xtreme-2020-Elisabeth-Sveum-1.jpg\" class=\"attachment-full size-full wp-image-208\" alt=\"\" srcset=\"https:\/\/fjordminerals.no\/wp-content\/uploads\/2020\/12\/Skaidi-Xtreme-2020-Elisabeth-Sveum-1.jpg 1200w, https:\/\/fjordminerals.no\/wp-content\/uploads\/2020\/12\/Skaidi-Xtreme-2020-Elisabeth-Sveum-1-416x277.jpg 416w, https:\/\/fjordminerals.no\/wp-content\/uploads\/2020\/12\/Skaidi-Xtreme-2020-Elisabeth-Sveum-1-300x200.jpg 300w, https:\/\/fjordminerals.no\/wp-content\/uploads\/2020\/12\/Skaidi-Xtreme-2020-Elisabeth-Sveum-1-1024x683.jpg 1024w, https:\/\/fjordminerals.no\/wp-content\/uploads\/2020\/12\/Skaidi-Xtreme-2020-Elisabeth-Sveum-1-768x512.jpg 768w\" sizes=\"(max-width: 1200px) 100vw, 1200px\" \/><\/div><\/a>\n\t\t\t\t<div class=\"elementor-post__badge\">Ut\u00f8vere<\/div>\n\t\t\t\t<div class=\"elementor-post__text\">\n\t\t\t\t<h3 class=\"elementor-post__title\">\n\t\t\t<a href=\"https:\/\/fjordminerals.no\/en\/elisabeth-sveum-benytter-crampfix-pa-hver-trening\/\" >\n\t\t\t\tElisabeth Sveum benytter CRAMPFIX p\u00e5 hver trening\t\t\t<\/a>\n\t\t<\/h3>\n\t\t\t\t<div class=\"elementor-post__excerpt\">\n\t\t\t<p>Jeg benytter&nbsp;Crampfix&nbsp;for \u00e5 erstatte salter og mineraler jeg mister under trening. Magen min t\u00e5ler ikke sportdrikke med fruktose s\u00e5 godt, derfor g\u00e5r det i solb\u00e6rsaft<\/p>\n\t\t<\/div>\n\t\t\n\t\t<a class=\"elementor-post__read-more\" href=\"https:\/\/fjordminerals.no\/en\/elisabeth-sveum-benytter-crampfix-pa-hver-trening\/\" aria-label=\"Read more about Elisabeth Sveum benytter CRAMPFIX p\u00e5 hver trening\" tabindex=\"-1\" >\n\t\t\tLes mer \u00bb\t\t<\/a>\n\n\t\t\t\t<\/div>\n\t\t\t\t\t<\/div>\n\t\t<\/article>\n\t\t\t\t<article class=\"elementor-post elementor-grid-item post-318 post type-post status-publish format-standard has-post-thumbnail hentry category-utovere tag-referanser tag-utovere\" role=\"listitem\">\n\t\t\t<div class=\"elementor-post__card\">\n\t\t\t\t<a class=\"elementor-post__thumbnail__link\" href=\"https:\/\/fjordminerals.no\/en\/kristian-blummenfelt-to-crampfix-kapsler-i-hver-drikkeflaske\/\" tabindex=\"-1\" ><div class=\"elementor-post__thumbnail\"><img decoding=\"async\" width=\"870\" height=\"579\" src=\"https:\/\/fjordminerals.no\/wp-content\/uploads\/2020\/12\/Kristian-Blummenfelt-Crampix.jpg\" class=\"attachment-full size-full wp-image-319\" alt=\"\" srcset=\"https:\/\/fjordminerals.no\/wp-content\/uploads\/2020\/12\/Kristian-Blummenfelt-Crampix.jpg 870w, https:\/\/fjordminerals.no\/wp-content\/uploads\/2020\/12\/Kristian-Blummenfelt-Crampix-416x277.jpg 416w, https:\/\/fjordminerals.no\/wp-content\/uploads\/2020\/12\/Kristian-Blummenfelt-Crampix-300x200.jpg 300w, https:\/\/fjordminerals.no\/wp-content\/uploads\/2020\/12\/Kristian-Blummenfelt-Crampix-768x511.jpg 768w\" sizes=\"(max-width: 870px) 100vw, 870px\" \/><\/div><\/a>\n\t\t\t\t<div class=\"elementor-post__badge\">Ut\u00f8vere<\/div>\n\t\t\t\t<div class=\"elementor-post__text\">\n\t\t\t\t<h3 class=\"elementor-post__title\">\n\t\t\t<a href=\"https:\/\/fjordminerals.no\/en\/kristian-blummenfelt-to-crampfix-kapsler-i-hver-drikkeflaske\/\" >\n\t\t\t\tKristian Blummenfelt &#8211; To Crampfix kapsler i hver drikkeflaske under trening\t\t\t<\/a>\n\t\t<\/h3>\n\t\t\t\t<div class=\"elementor-post__excerpt\">\n\t\t\t<p>&laquo;Under konkurranse og harde trenings\u00f8kter har jeg to Crampfix kapsler i hver drikkeflaske (2 stk Crampfix pr 0,7 liter sporsdrikk) i tillegg til vanlig sportsdrikk&raquo;<\/p>\n\t\t<\/div>\n\t\t\n\t\t<a class=\"elementor-post__read-more\" href=\"https:\/\/fjordminerals.no\/en\/kristian-blummenfelt-to-crampfix-kapsler-i-hver-drikkeflaske\/\" aria-label=\"Read more about Kristian Blummenfelt &#8211; To Crampfix kapsler i hver drikkeflaske under trening\" tabindex=\"-1\" >\n\t\t\tLes mer \u00bb\t\t<\/a>\n\n\t\t\t\t<\/div>\n\t\t\t\t\t<\/div>\n\t\t<\/article>\n\t\t\t\t<\/div>\n\t\t\n\t\t\t\t\t\t<\/div>\n\t\t\t\t<\/div>\n\t\t\t\t<div class=\"elementor-element elementor-element-5b579900 elementor-widget__width-initial elementor-absolute elementor-widget-tablet__width-initial elementor-widget elementor-widget-spacer\" data-id=\"5b579900\" data-element_type=\"widget\" data-e-type=\"widget\" data-settings=\"{&quot;_position&quot;:&quot;absolute&quot;}\" data-widget_type=\"spacer.default\">\n\t\t\t\t<div class=\"elementor-widget-container\">\n\t\t\t\t\t\t\t<div class=\"elementor-spacer\">\n\t\t\t<div class=\"elementor-spacer-inner\"><\/div>\n\t\t<\/div>\n\t\t\t\t\t\t<\/div>\n\t\t\t\t<\/div>\n\t\t\t\t\t<\/div>\n\t\t<\/div>\n\t\t\t\t<div class=\"elementor-column elementor-col-50 elementor-top-column elementor-element elementor-element-8f2a5ee\" data-id=\"8f2a5ee\" data-element_type=\"column\" data-e-type=\"column\">\n\t\t\t<div class=\"elementor-widget-wrap elementor-element-populated\">\n\t\t\t\t\t\t<div class=\"elementor-element elementor-element-4f40565 elementor-widget elementor-widget-heading\" data-id=\"4f40565\" data-element_type=\"widget\" data-e-type=\"widget\" data-widget_type=\"heading.default\">\n\t\t\t\t<div class=\"elementor-widget-container\">\n\t\t\t\t\t<h2 class=\"elementor-heading-title elementor-size-default\">Sponsing<\/h2>\t\t\t\t<\/div>\n\t\t\t\t<\/div>\n\t\t\t\t<div class=\"elementor-element elementor-element-3b989e2 elementor-widget elementor-widget-text-editor\" data-id=\"3b989e2\" data-element_type=\"widget\" data-e-type=\"widget\" data-widget_type=\"text-editor.default\">\n\t\t\t\t<div class=\"elementor-widget-container\">\n\t\t\t\t\t\t\t\t\t<p>Vi har stor glede i \u00e5 sponse ut\u00f8vere, klubber og lag som \u00f8nsker \u00e5 fremme bruk av Fjord Minerals gjennom sine idretter, samt er positiv og inkluderende.<\/p><p>Er du idrettsut\u00f8ver, klubb eller skal du arrangere et idrettsarrangement? Send oss en foresp\u00f8rsel om hvorfor akkurat du \/ dere \u00f8nsker \u00e5 benytte v\u00e5re produkter.\u00a0<\/p>\t\t\t\t\t\t\t\t<\/div>\n\t\t\t\t<\/div>\n\t\t\t\t\t<\/div>\n\t\t<\/div>\n\t\t\t\t\t<\/div>\n\t\t<\/section>\n\t\t\t\t<\/div>\n\t\t","protected":false},"excerpt":{"rendered":"<p>Sponsing Vi har stor glede i \u00e5 sponse ut\u00f8vere, klubber og lag som \u00f8nsker \u00e5 fremme bruk av Fjord Minerals gjennom sine idretter, samt er positiv og inkluderende. Er du idrettsut\u00f8ver, klubb eller skal du arrangere et idrettsarrangement? Send oss en foresp\u00f8rsel om hvorfor akkurat du \/ dere \u00f8nsker \u00e5 benytte v\u00e5re produkter.&nbsp;<\/p>","protected":false},"author":1,"featured_media":0,"parent":0,"menu_order":0,"comment_status":"closed","ping_status":"closed","template":"","meta":{"footnotes":""},"class_list":["post-16","page","type-page","status-publish","hentry"],"yoast_head":"<!-- This site is optimized with the Yoast SEO plugin v27.2 - https:\/\/yoast.com\/product\/yoast-seo-wordpress\/ -->\n<title>Referanser - Fjord Minerals<\/title>\n<meta name=\"description\" content=\"Sponsing Vi har stor glede i \u00e5 sponse ut\u00f8vere, klubber og lag som \u00f8nsker \u00e5 fremme bruk av Fjord Minerals gjennom sine idretter, samt er positiv og\" \/>\n<meta name=\"robots\" content=\"index, follow, max-snippet:-1, max-image-preview:large, max-video-preview:-1\" \/>\n<link rel=\"canonical\" href=\"https:\/\/fjordminerals.no\/en\/referanser\/\" \/>\n<meta property=\"og:locale\" content=\"en_GB\" \/>\n<meta property=\"og:type\" content=\"article\" \/>\n<meta property=\"og:title\" content=\"Referanser - Fjord Minerals\" \/>\n<meta property=\"og:description\" content=\"Sponsing Vi har stor glede i \u00e5 sponse ut\u00f8vere, klubber og lag som \u00f8nsker \u00e5 fremme bruk av Fjord Minerals gjennom sine idretter, samt er positiv og\" \/>\n<meta property=\"og:url\" content=\"https:\/\/fjordminerals.no\/en\/referanser\/\" \/>\n<meta property=\"og:site_name\" content=\"Fjord Minerals\" \/>\n<meta property=\"article:publisher\" content=\"https:\/\/www.facebook.com\/fjordnutrition\" \/>\n<meta property=\"article:modified_time\" content=\"2022-03-21T11:18:33+00:00\" \/>\n<meta name=\"twitter:card\" content=\"summary_large_image\" \/>\n<meta name=\"twitter:label1\" content=\"Estimated reading time\" \/>\n\t<meta name=\"twitter:data1\" content=\"1 minute\" \/>\n<script type=\"application\/ld+json\" class=\"yoast-schema-graph\">{\"@context\":\"https:\/\/schema.org\",\"@graph\":[{\"@type\":\"WebPage\",\"@id\":\"https:\/\/fjordminerals.no\/referanser\/\",\"url\":\"https:\/\/fjordminerals.no\/referanser\/\",\"name\":\"Referanser - Fjord Minerals\",\"isPartOf\":{\"@id\":\"https:\/\/fjordminerals.no\/#website\"},\"datePublished\":\"2020-12-16T07:49:12+00:00\",\"dateModified\":\"2022-03-21T11:18:33+00:00\",\"description\":\"Sponsing Vi har stor glede i \u00e5 sponse ut\u00f8vere, klubber og lag som \u00f8nsker \u00e5 fremme bruk av Fjord Minerals gjennom sine idretter, samt er positiv og\",\"breadcrumb\":{\"@id\":\"https:\/\/fjordminerals.no\/referanser\/#breadcrumb\"},\"inLanguage\":\"en-GB\",\"potentialAction\":[{\"@type\":\"ReadAction\",\"target\":[\"https:\/\/fjordminerals.no\/referanser\/\"]}]},{\"@type\":\"BreadcrumbList\",\"@id\":\"https:\/\/fjordminerals.no\/referanser\/#breadcrumb\",\"itemListElement\":[{\"@type\":\"ListItem\",\"position\":1,\"name\":\"Hjem\",\"item\":\"https:\/\/fjordminerals.no\/\"},{\"@type\":\"ListItem\",\"position\":2,\"name\":\"Referanser\"}]},{\"@type\":\"WebSite\",\"@id\":\"https:\/\/fjordminerals.no\/#website\",\"url\":\"https:\/\/fjordminerals.no\/\",\"name\":\"Fjord Minerals\",\"description\":\"Uten mineraler stopper kroppen\",\"publisher\":{\"@id\":\"https:\/\/fjordminerals.no\/#organization\"},\"potentialAction\":[{\"@type\":\"SearchAction\",\"target\":{\"@type\":\"EntryPoint\",\"urlTemplate\":\"https:\/\/fjordminerals.no\/?s={search_term_string}\"},\"query-input\":{\"@type\":\"PropertyValueSpecification\",\"valueRequired\":true,\"valueName\":\"search_term_string\"}}],\"inLanguage\":\"en-GB\"},{\"@type\":\"Organization\",\"@id\":\"https:\/\/fjordminerals.no\/#organization\",\"name\":\"Fjord Minerals AS\",\"url\":\"https:\/\/fjordminerals.no\/\",\"logo\":{\"@type\":\"ImageObject\",\"inLanguage\":\"en-GB\",\"@id\":\"https:\/\/fjordminerals.no\/#\/schema\/logo\/image\/\",\"url\":\"https:\/\/fjordminerals.no\/wp-content\/uploads\/2020\/12\/cropped-Fjord-minerals-800px.png\",\"contentUrl\":\"https:\/\/fjordminerals.no\/wp-content\/uploads\/2020\/12\/cropped-Fjord-minerals-800px.png\",\"width\":512,\"height\":512,\"caption\":\"Fjord Minerals AS\"},\"image\":{\"@id\":\"https:\/\/fjordminerals.no\/#\/schema\/logo\/image\/\"},\"sameAs\":[\"https:\/\/www.facebook.com\/fjordnutrition\",\"http:\/\/instagram.com\/fjordminerals\/\",\"https:\/\/youtu.be\/O8TCsDkUf10\"]}]}<\/script>\n<!-- \/ Yoast SEO plugin. -->","yoast_head_json":{"title":"Referanser - Fjord Minerals","description":"Sponsing Vi har stor glede i \u00e5 sponse ut\u00f8vere, klubber og lag som \u00f8nsker \u00e5 fremme bruk av Fjord Minerals gjennom sine idretter, samt er positiv og","robots":{"index":"index","follow":"follow","max-snippet":"max-snippet:-1","max-image-preview":"max-image-preview:large","max-video-preview":"max-video-preview:-1"},"canonical":"https:\/\/fjordminerals.no\/en\/referanser\/","og_locale":"en_GB","og_type":"article","og_title":"Referanser - Fjord Minerals","og_description":"Sponsing Vi har stor glede i \u00e5 sponse ut\u00f8vere, klubber og lag som \u00f8nsker \u00e5 fremme bruk av Fjord Minerals gjennom sine idretter, samt er positiv og","og_url":"https:\/\/fjordminerals.no\/en\/referanser\/","og_site_name":"Fjord Minerals","article_publisher":"https:\/\/www.facebook.com\/fjordnutrition","article_modified_time":"2022-03-21T11:18:33+00:00","twitter_card":"summary_large_image","twitter_misc":{"Estimated reading time":"1 minute"},"schema":{"@context":"https:\/\/schema.org","@graph":[{"@type":"WebPage","@id":"https:\/\/fjordminerals.no\/referanser\/","url":"https:\/\/fjordminerals.no\/referanser\/","name":"Referanser - Fjord Minerals","isPartOf":{"@id":"https:\/\/fjordminerals.no\/#website"},"datePublished":"2020-12-16T07:49:12+00:00","dateModified":"2022-03-21T11:18:33+00:00","description":"Sponsing Vi har stor glede i \u00e5 sponse ut\u00f8vere, klubber og lag som \u00f8nsker \u00e5 fremme bruk av Fjord Minerals gjennom sine idretter, samt er positiv og","breadcrumb":{"@id":"https:\/\/fjordminerals.no\/referanser\/#breadcrumb"},"inLanguage":"en-GB","potentialAction":[{"@type":"ReadAction","target":["https:\/\/fjordminerals.no\/referanser\/"]}]},{"@type":"BreadcrumbList","@id":"https:\/\/fjordminerals.no\/referanser\/#breadcrumb","itemListElement":[{"@type":"ListItem","position":1,"name":"Hjem","item":"https:\/\/fjordminerals.no\/"},{"@type":"ListItem","position":2,"name":"Referanser"}]},{"@type":"WebSite","@id":"https:\/\/fjordminerals.no\/#website","url":"https:\/\/fjordminerals.no\/","name":"Fjord Minerals","description":"Uten mineraler stopper kroppen","publisher":{"@id":"https:\/\/fjordminerals.no\/#organization"},"potentialAction":[{"@type":"SearchAction","target":{"@type":"EntryPoint","urlTemplate":"https:\/\/fjordminerals.no\/?s={search_term_string}"},"query-input":{"@type":"PropertyValueSpecification","valueRequired":true,"valueName":"search_term_string"}}],"inLanguage":"en-GB"},{"@type":"Organization","@id":"https:\/\/fjordminerals.no\/#organization","name":"Fjord Minerals AS","url":"https:\/\/fjordminerals.no\/","logo":{"@type":"ImageObject","inLanguage":"en-GB","@id":"https:\/\/fjordminerals.no\/#\/schema\/logo\/image\/","url":"https:\/\/fjordminerals.no\/wp-content\/uploads\/2020\/12\/cropped-Fjord-minerals-800px.png","contentUrl":"https:\/\/fjordminerals.no\/wp-content\/uploads\/2020\/12\/cropped-Fjord-minerals-800px.png","width":512,"height":512,"caption":"Fjord Minerals AS"},"image":{"@id":"https:\/\/fjordminerals.no\/#\/schema\/logo\/image\/"},"sameAs":["https:\/\/www.facebook.com\/fjordnutrition","http:\/\/instagram.com\/fjordminerals\/","https:\/\/youtu.be\/O8TCsDkUf10"]}]}},"_links":{"self":[{"href":"https:\/\/fjordminerals.no\/en\/wp-json\/wp\/v2\/pages\/16","targetHints":{"allow":["GET"]}}],"collection":[{"href":"https:\/\/fjordminerals.no\/en\/wp-json\/wp\/v2\/pages"}],"about":[{"href":"https:\/\/fjordminerals.no\/en\/wp-json\/wp\/v2\/types\/page"}],"author":[{"embeddable":true,"href":"https:\/\/fjordminerals.no\/en\/wp-json\/wp\/v2\/users\/1"}],"replies":[{"embeddable":true,"href":"https:\/\/fjordminerals.no\/en\/wp-json\/wp\/v2\/comments?post=16"}],"version-history":[{"count":95,"href":"https:\/\/fjordminerals.no\/en\/wp-json\/wp\/v2\/pages\/16\/revisions"}],"predecessor-version":[{"id":2241,"href":"https:\/\/fjordminerals.no\/en\/wp-json\/wp\/v2\/pages\/16\/revisions\/2241"}],"wp:attachment":[{"href":"https:\/\/fjordminerals.no\/en\/wp-json\/wp\/v2\/media?parent=16"}],"curies":[{"name":"wp","href":"https:\/\/api.w.org\/{rel}","templated":true}]}}