{"id":18,"date":"2020-12-16T08:49:23","date_gmt":"2020-12-16T07:49:23","guid":{"rendered":"https:\/\/fjordminerals.no\/?page_id=18"},"modified":"2022-03-21T13:37:14","modified_gmt":"2022-03-21T12:37:14","slug":"om-oss","status":"publish","type":"page","link":"https:\/\/fjordminerals.no\/en\/om-oss\/","title":{"rendered":"About"},"content":{"rendered":"<div class=\"wp-block-columns is-layout-flex wp-container-core-columns-is-layout-28f84493 wp-block-columns-is-layout-flex\">\n<div class=\"wp-block-column is-layout-flow wp-block-column-is-layout-flow\" style=\"flex-basis:66.66%\">\n<h4 class=\"wp-block-heading\">Our products are developed and manufactured in Norway. World-class athletes in their sport have contributed to the development of the product.<\/h4>\n\n\n\n<figure class=\"wp-block-image size-full\"><img fetchpriority=\"high\" decoding=\"async\" width=\"1024\" height=\"365\" src=\"https:\/\/fjordminerals.no\/wp-content\/uploads\/2020\/12\/Fjord-Minerals-web.jpg\" alt=\"\" class=\"wp-image-1239\" srcset=\"https:\/\/fjordminerals.no\/wp-content\/uploads\/2020\/12\/Fjord-Minerals-web.jpg 1024w, https:\/\/fjordminerals.no\/wp-content\/uploads\/2020\/12\/Fjord-Minerals-web-416x148.jpg 416w, https:\/\/fjordminerals.no\/wp-content\/uploads\/2020\/12\/Fjord-Minerals-web-300x107.jpg 300w, https:\/\/fjordminerals.no\/wp-content\/uploads\/2020\/12\/Fjord-Minerals-web-768x274.jpg 768w\" sizes=\"(max-width: 1024px) 100vw, 1024px\" \/><\/figure>\n\n\n\n<div class=\"wp-block-buttons is-layout-flex wp-block-buttons-is-layout-flex\"><\/div>\n\n\n\n<p>For over 10 years, our product has been on the market. It started with&nbsp;<a href=\"https:\/\/fjordminerals.no\/en\/product\/crampfix\/\">CRAMPFIX<\/a>&nbsp;og etter hvert har vi utviklet&nbsp;<a href=\"https:\/\/fjordminerals.no\/en\/product\/lactate-control\/\">LACTATE CONTROLL<\/a>,&nbsp;<a href=\"https:\/\/fjordminerals.no\/en\/product\/crampfix-superwarm\/\">CRAMPFIX SUPERWARM<\/a>&nbsp;and&nbsp;<a href=\"https:\/\/fjordminerals.no\/en\/product\/blue-fish\/\">BLUE FISH<\/a>. You will find our products in several sports shops all over Norway and we have established ourselves well in the market.&nbsp;<\/p>\n\n\n\n<p><\/p>\n\n\n\n<p>In connection with the Olympics in Rio 2016 and the World Cycling Championships in Qatar, CRAMPFIX SUPERVARM was developed and launched.&nbsp;<\/p>\n\n\n\n<figure class=\"wp-block-image size-full is-resized\"><img decoding=\"async\" src=\"https:\/\/fjordminerals.no\/wp-content\/uploads\/2020\/12\/Hvordan-lages-CRAMPFIX-og-produkter-fra-Fjord-Minerals-AS.jpg\" alt=\"Hvordan lages CRAMPFIX og produkter fra Fjord Minerals AS\" class=\"wp-image-192\" width=\"272\" height=\"175\" srcset=\"https:\/\/fjordminerals.no\/wp-content\/uploads\/2020\/12\/Hvordan-lages-CRAMPFIX-og-produkter-fra-Fjord-Minerals-AS.jpg 800w, https:\/\/fjordminerals.no\/wp-content\/uploads\/2020\/12\/Hvordan-lages-CRAMPFIX-og-produkter-fra-Fjord-Minerals-AS-416x268.jpg 416w, https:\/\/fjordminerals.no\/wp-content\/uploads\/2020\/12\/Hvordan-lages-CRAMPFIX-og-produkter-fra-Fjord-Minerals-AS-300x194.jpg 300w, https:\/\/fjordminerals.no\/wp-content\/uploads\/2020\/12\/Hvordan-lages-CRAMPFIX-og-produkter-fra-Fjord-Minerals-AS-768x495.jpg 768w\" sizes=\"(max-width: 272px) 100vw, 272px\" \/><\/figure>\n\n\n\n<p>Our marine minerals are extracted from seawater and algae. With a very porous and fragmented surface, these minerals have a bioavailability that is 40-60% higher than traditional minerals.<\/p>\n\n\n\n<p>This provides products that are effectively taken up in advance of training \/ competition and not least also work quickly and efficiently when taken during a competition or training.<\/p>\n\n\n\n<blockquote class=\"wp-block-quote is-style-large has-normal-font-size is-layout-flow wp-block-quote-is-layout-flow\"><p>In Norway and internationally, several of the top athletes and exercisers use our products - we are proud of that!<\/p><\/blockquote>\n<\/div>\n\n\n\n<div class=\"wp-block-column is-layout-flow wp-block-column-is-layout-flow\" style=\"flex-basis:33.33%\"><\/div>\n<\/div>\n\n\n\n<div class=\"wp-block-image\"><figure class=\"aligncenter size-large is-resized\"><a href=\"https:\/\/fjordminerals.no\/wp-content\/uploads\/2021\/02\/A5-ENGLISH_TONY-Martin-web.jpg\"><img decoding=\"async\" src=\"https:\/\/fjordminerals.no\/wp-content\/uploads\/2020\/12\/Alexander-Kristoff-erfaringer-Crampfix-web.jpg\" alt=\"alexander kristoff fjord minerals\" class=\"wp-image-1278\" width=\"908\" height=\"678\" srcset=\"https:\/\/fjordminerals.no\/wp-content\/uploads\/2020\/12\/Alexander-Kristoff-erfaringer-Crampfix-web.jpg 415w, https:\/\/fjordminerals.no\/wp-content\/uploads\/2020\/12\/Alexander-Kristoff-erfaringer-Crampfix-web-200x300.jpg 200w\" sizes=\"(max-width: 908px) 100vw, 908px\" \/><\/a><\/figure><\/div>\n\n\n\n<blockquote class=\"wp-block-quote is-style-plain is-layout-flow wp-block-quote-is-layout-flow\"><p>I have used minerals from FJORD MINERALS for the past 10 years. I use the minerals of course during all competitions, but also as an important part of the recovery process between workouts.<\/p><cite>Alexander Kristoff, Proffsyklist<\/cite><\/blockquote>","protected":false},"excerpt":{"rendered":"<p>V\u00e5re produkter er utviklet og blir produsert i Norge. Ut\u00f8vere i verdenstoppen i sin idrett, har bidratt til utviklingen av produktet. I over 10 \u00e5r har v\u00e5rt produkt v\u00e6rt p\u00e5 markedet. Det startet opp med&nbsp;CRAMPFIX&nbsp;og etter hvert har vi utviklet&nbsp;LACTATE CONTROLL,&nbsp;CRAMPFIX SUPERWARM&nbsp;og&nbsp;BLUE FISH. Du finner v\u00e5re produkter i flere sportsbutikker over hele Norge og vi [&hellip;]<\/p>\n","protected":false},"author":1,"featured_media":0,"parent":0,"menu_order":0,"comment_status":"closed","ping_status":"closed","template":"","meta":{"footnotes":""},"class_list":["post-18","page","type-page","status-publish","hentry"],"yoast_head":"<!-- This site is optimized with the Yoast SEO plugin v27.2 - https:\/\/yoast.com\/product\/yoast-seo-wordpress\/ -->\n<title>Om oss - Fjord Minerals<\/title>\n<meta name=\"description\" content=\"V\u00e5re produkter er utviklet og blir produsert i Norge. Ut\u00f8vere i verdenstoppen i sin idrett, har bidratt til utviklingen av produktet. I over 10 \u00e5r har\" \/>\n<meta name=\"robots\" content=\"index, follow, max-snippet:-1, max-image-preview:large, max-video-preview:-1\" \/>\n<link rel=\"canonical\" href=\"https:\/\/fjordminerals.no\/en\/om-oss\/\" \/>\n<meta property=\"og:locale\" content=\"en_GB\" \/>\n<meta property=\"og:type\" content=\"article\" \/>\n<meta property=\"og:title\" content=\"Om oss - Fjord Minerals\" \/>\n<meta property=\"og:description\" content=\"V\u00e5re produkter er utviklet og blir produsert i Norge. Ut\u00f8vere i verdenstoppen i sin idrett, har bidratt til utviklingen av produktet. I over 10 \u00e5r har\" \/>\n<meta property=\"og:url\" content=\"https:\/\/fjordminerals.no\/en\/om-oss\/\" \/>\n<meta property=\"og:site_name\" content=\"Fjord Minerals\" \/>\n<meta property=\"article:publisher\" content=\"https:\/\/www.facebook.com\/fjordnutrition\" \/>\n<meta property=\"article:modified_time\" content=\"2022-03-21T12:37:14+00:00\" \/>\n<meta property=\"og:image\" content=\"https:\/\/fjordminerals.no\/wp-content\/uploads\/2020\/12\/Fjord-Minerals-web.jpg\" \/>\n<meta name=\"twitter:card\" content=\"summary_large_image\" \/>\n<meta name=\"twitter:label1\" content=\"Estimated reading time\" \/>\n\t<meta name=\"twitter:data1\" content=\"2 minutes\" \/>\n<script type=\"application\/ld+json\" class=\"yoast-schema-graph\">{\"@context\":\"https:\/\/schema.org\",\"@graph\":[{\"@type\":\"WebPage\",\"@id\":\"https:\/\/fjordminerals.no\/om-oss\/\",\"url\":\"https:\/\/fjordminerals.no\/om-oss\/\",\"name\":\"Om oss - Fjord Minerals\",\"isPartOf\":{\"@id\":\"https:\/\/fjordminerals.no\/#website\"},\"primaryImageOfPage\":{\"@id\":\"https:\/\/fjordminerals.no\/om-oss\/#primaryimage\"},\"image\":{\"@id\":\"https:\/\/fjordminerals.no\/om-oss\/#primaryimage\"},\"thumbnailUrl\":\"https:\/\/fjordminerals.no\/wp-content\/uploads\/2020\/12\/Fjord-Minerals-web.jpg\",\"datePublished\":\"2020-12-16T07:49:23+00:00\",\"dateModified\":\"2022-03-21T12:37:14+00:00\",\"description\":\"V\u00e5re produkter er utviklet og blir produsert i Norge. Ut\u00f8vere i verdenstoppen i sin idrett, har bidratt til utviklingen av produktet. I over 10 \u00e5r har\",\"breadcrumb\":{\"@id\":\"https:\/\/fjordminerals.no\/om-oss\/#breadcrumb\"},\"inLanguage\":\"en-GB\",\"potentialAction\":[{\"@type\":\"ReadAction\",\"target\":[\"https:\/\/fjordminerals.no\/om-oss\/\"]}]},{\"@type\":\"ImageObject\",\"inLanguage\":\"en-GB\",\"@id\":\"https:\/\/fjordminerals.no\/om-oss\/#primaryimage\",\"url\":\"https:\/\/fjordminerals.no\/wp-content\/uploads\/2020\/12\/Fjord-Minerals-web.jpg\",\"contentUrl\":\"https:\/\/fjordminerals.no\/wp-content\/uploads\/2020\/12\/Fjord-Minerals-web.jpg\"},{\"@type\":\"BreadcrumbList\",\"@id\":\"https:\/\/fjordminerals.no\/om-oss\/#breadcrumb\",\"itemListElement\":[{\"@type\":\"ListItem\",\"position\":1,\"name\":\"Hjem\",\"item\":\"https:\/\/fjordminerals.no\/\"},{\"@type\":\"ListItem\",\"position\":2,\"name\":\"Om oss\"}]},{\"@type\":\"WebSite\",\"@id\":\"https:\/\/fjordminerals.no\/#website\",\"url\":\"https:\/\/fjordminerals.no\/\",\"name\":\"Fjord Minerals\",\"description\":\"Uten mineraler stopper kroppen\",\"publisher\":{\"@id\":\"https:\/\/fjordminerals.no\/#organization\"},\"potentialAction\":[{\"@type\":\"SearchAction\",\"target\":{\"@type\":\"EntryPoint\",\"urlTemplate\":\"https:\/\/fjordminerals.no\/?s={search_term_string}\"},\"query-input\":{\"@type\":\"PropertyValueSpecification\",\"valueRequired\":true,\"valueName\":\"search_term_string\"}}],\"inLanguage\":\"en-GB\"},{\"@type\":\"Organization\",\"@id\":\"https:\/\/fjordminerals.no\/#organization\",\"name\":\"Fjord Minerals AS\",\"url\":\"https:\/\/fjordminerals.no\/\",\"logo\":{\"@type\":\"ImageObject\",\"inLanguage\":\"en-GB\",\"@id\":\"https:\/\/fjordminerals.no\/#\/schema\/logo\/image\/\",\"url\":\"https:\/\/fjordminerals.no\/wp-content\/uploads\/2020\/12\/cropped-Fjord-minerals-800px.png\",\"contentUrl\":\"https:\/\/fjordminerals.no\/wp-content\/uploads\/2020\/12\/cropped-Fjord-minerals-800px.png\",\"width\":512,\"height\":512,\"caption\":\"Fjord Minerals AS\"},\"image\":{\"@id\":\"https:\/\/fjordminerals.no\/#\/schema\/logo\/image\/\"},\"sameAs\":[\"https:\/\/www.facebook.com\/fjordnutrition\",\"http:\/\/instagram.com\/fjordminerals\/\",\"https:\/\/youtu.be\/O8TCsDkUf10\"]}]}<\/script>\n<!-- \/ Yoast SEO plugin. -->","yoast_head_json":{"title":"Om oss - Fjord Minerals","description":"V\u00e5re produkter er utviklet og blir produsert i Norge. Ut\u00f8vere i verdenstoppen i sin idrett, har bidratt til utviklingen av produktet. I over 10 \u00e5r har","robots":{"index":"index","follow":"follow","max-snippet":"max-snippet:-1","max-image-preview":"max-image-preview:large","max-video-preview":"max-video-preview:-1"},"canonical":"https:\/\/fjordminerals.no\/en\/om-oss\/","og_locale":"en_GB","og_type":"article","og_title":"Om oss - Fjord Minerals","og_description":"V\u00e5re produkter er utviklet og blir produsert i Norge. Ut\u00f8vere i verdenstoppen i sin idrett, har bidratt til utviklingen av produktet. I over 10 \u00e5r har","og_url":"https:\/\/fjordminerals.no\/en\/om-oss\/","og_site_name":"Fjord Minerals","article_publisher":"https:\/\/www.facebook.com\/fjordnutrition","article_modified_time":"2022-03-21T12:37:14+00:00","og_image":[{"url":"https:\/\/fjordminerals.no\/wp-content\/uploads\/2020\/12\/Fjord-Minerals-web.jpg","type":"","width":"","height":""}],"twitter_card":"summary_large_image","twitter_misc":{"Estimated reading time":"2 minutes"},"schema":{"@context":"https:\/\/schema.org","@graph":[{"@type":"WebPage","@id":"https:\/\/fjordminerals.no\/om-oss\/","url":"https:\/\/fjordminerals.no\/om-oss\/","name":"Om oss - Fjord Minerals","isPartOf":{"@id":"https:\/\/fjordminerals.no\/#website"},"primaryImageOfPage":{"@id":"https:\/\/fjordminerals.no\/om-oss\/#primaryimage"},"image":{"@id":"https:\/\/fjordminerals.no\/om-oss\/#primaryimage"},"thumbnailUrl":"https:\/\/fjordminerals.no\/wp-content\/uploads\/2020\/12\/Fjord-Minerals-web.jpg","datePublished":"2020-12-16T07:49:23+00:00","dateModified":"2022-03-21T12:37:14+00:00","description":"V\u00e5re produkter er utviklet og blir produsert i Norge. Ut\u00f8vere i verdenstoppen i sin idrett, har bidratt til utviklingen av produktet. I over 10 \u00e5r har","breadcrumb":{"@id":"https:\/\/fjordminerals.no\/om-oss\/#breadcrumb"},"inLanguage":"en-GB","potentialAction":[{"@type":"ReadAction","target":["https:\/\/fjordminerals.no\/om-oss\/"]}]},{"@type":"ImageObject","inLanguage":"en-GB","@id":"https:\/\/fjordminerals.no\/om-oss\/#primaryimage","url":"https:\/\/fjordminerals.no\/wp-content\/uploads\/2020\/12\/Fjord-Minerals-web.jpg","contentUrl":"https:\/\/fjordminerals.no\/wp-content\/uploads\/2020\/12\/Fjord-Minerals-web.jpg"},{"@type":"BreadcrumbList","@id":"https:\/\/fjordminerals.no\/om-oss\/#breadcrumb","itemListElement":[{"@type":"ListItem","position":1,"name":"Hjem","item":"https:\/\/fjordminerals.no\/"},{"@type":"ListItem","position":2,"name":"Om oss"}]},{"@type":"WebSite","@id":"https:\/\/fjordminerals.no\/#website","url":"https:\/\/fjordminerals.no\/","name":"Fjord Minerals","description":"Uten mineraler stopper kroppen","publisher":{"@id":"https:\/\/fjordminerals.no\/#organization"},"potentialAction":[{"@type":"SearchAction","target":{"@type":"EntryPoint","urlTemplate":"https:\/\/fjordminerals.no\/?s={search_term_string}"},"query-input":{"@type":"PropertyValueSpecification","valueRequired":true,"valueName":"search_term_string"}}],"inLanguage":"en-GB"},{"@type":"Organization","@id":"https:\/\/fjordminerals.no\/#organization","name":"Fjord Minerals AS","url":"https:\/\/fjordminerals.no\/","logo":{"@type":"ImageObject","inLanguage":"en-GB","@id":"https:\/\/fjordminerals.no\/#\/schema\/logo\/image\/","url":"https:\/\/fjordminerals.no\/wp-content\/uploads\/2020\/12\/cropped-Fjord-minerals-800px.png","contentUrl":"https:\/\/fjordminerals.no\/wp-content\/uploads\/2020\/12\/cropped-Fjord-minerals-800px.png","width":512,"height":512,"caption":"Fjord Minerals AS"},"image":{"@id":"https:\/\/fjordminerals.no\/#\/schema\/logo\/image\/"},"sameAs":["https:\/\/www.facebook.com\/fjordnutrition","http:\/\/instagram.com\/fjordminerals\/","https:\/\/youtu.be\/O8TCsDkUf10"]}]}},"_links":{"self":[{"href":"https:\/\/fjordminerals.no\/en\/wp-json\/wp\/v2\/pages\/18","targetHints":{"allow":["GET"]}}],"collection":[{"href":"https:\/\/fjordminerals.no\/en\/wp-json\/wp\/v2\/pages"}],"about":[{"href":"https:\/\/fjordminerals.no\/en\/wp-json\/wp\/v2\/types\/page"}],"author":[{"embeddable":true,"href":"https:\/\/fjordminerals.no\/en\/wp-json\/wp\/v2\/users\/1"}],"replies":[{"embeddable":true,"href":"https:\/\/fjordminerals.no\/en\/wp-json\/wp\/v2\/comments?post=18"}],"version-history":[{"count":63,"href":"https:\/\/fjordminerals.no\/en\/wp-json\/wp\/v2\/pages\/18\/revisions"}],"predecessor-version":[{"id":2304,"href":"https:\/\/fjordminerals.no\/en\/wp-json\/wp\/v2\/pages\/18\/revisions\/2304"}],"wp:attachment":[{"href":"https:\/\/fjordminerals.no\/en\/wp-json\/wp\/v2\/media?parent=18"}],"curies":[{"name":"wp","href":"https:\/\/api.w.org\/{rel}","templated":true}]}}