{"id":2167,"date":"2022-03-04T18:04:29","date_gmt":"2022-03-04T17:04:29","guid":{"rendered":"https:\/\/fjordminerals.no\/?page_id=2167"},"modified":"2022-03-04T18:08:40","modified_gmt":"2022-03-04T17:08:40","slug":"kontakt-oss","status":"publish","type":"page","link":"https:\/\/fjordminerals.no\/en\/kontakt-oss\/","title":{"rendered":"Contact us"},"content":{"rendered":"\n<div class=\"wp-block-columns is-layout-flex wp-container-core-columns-is-layout-28f84493 wp-block-columns-is-layout-flex\">\n<div class=\"wp-block-column is-layout-flow wp-block-column-is-layout-flow\">\n<p><a href=\"mailto:post@fjordminerals.no\">post@fjordminerals.no<\/a><\/p>\n\n\n\n<p>Postboks 306,\u00a0<br>4379 Egersund\u00a0<br>NORWAY<\/p>\n\n\n\n<h2 class=\"wp-block-heading\">Sponsing<\/h2>\n\n\n\n<p>Vi har stor glede i \u00e5 sponse ut\u00f8vere, klubber og lag som \u00f8nsker \u00e5 fremme bruk av Fjord Minerals gjennom sine idretter, samt er positiv og inkluderende.<\/p>\n\n\n\n<p>Er du idrettsut\u00f8ver, klubb eller skal du arrangere et idrettsarrangement? Send oss en foresp\u00f8rsel om hvorfor akkurat du \/ dere \u00f8nsker \u00e5 benytte v\u00e5re produkter.&nbsp;<\/p>\n<\/div>\n\n\n\n<div class=\"wp-block-column is-layout-flow wp-block-column-is-layout-flow\">\n<h3 class=\"wp-block-heading\">Send oss en mail<\/h3>\n\n\n<div class=\"wpforms-container wpforms-container-full wpforms-block\" id=\"wpforms-2166\"><form id=\"wpforms-form-2166\" class=\"wpforms-validate wpforms-form wpforms-ajax-form\" data-formid=\"2166\" method=\"post\" enctype=\"multipart\/form-data\" action=\"\/en\/wp-json\/wp\/v2\/pages\/2167\" data-token=\"75d53170b0c831b6657126494fbe62f7\" data-token-time=\"1775521058\"><noscript class=\"wpforms-error-noscript\">Please enable JavaScript in your browser to complete this form.<\/noscript><div class=\"wpforms-field-container\"><div id=\"wpforms-2166-field_0-container\" class=\"wpforms-field wpforms-field-name\" data-field-id=\"0\"><label class=\"wpforms-field-label\" for=\"wpforms-2166-field_0\">Navn <span class=\"wpforms-required-label\">*<\/span><\/label><input type=\"text\" id=\"wpforms-2166-field_0\" class=\"wpforms-field-medium wpforms-field-required\" name=\"wpforms[fields][0]\" required><\/div><div id=\"wpforms-2166-field_1-container\" class=\"wpforms-field wpforms-field-email\" data-field-id=\"1\"><label class=\"wpforms-field-label\" for=\"wpforms-2166-field_1\">E-postadresse <span class=\"wpforms-required-label\">*<\/span><\/label><input type=\"email\" id=\"wpforms-2166-field_1\" class=\"wpforms-field-medium wpforms-field-required\" name=\"wpforms[fields][1]\" spellcheck=\"false\" required><\/div><div id=\"wpforms-2166-field_2-container\" class=\"wpforms-field wpforms-field-textarea\" data-field-id=\"2\"><label class=\"wpforms-field-label\" for=\"wpforms-2166-field_2\">Melding <span class=\"wpforms-required-label\">*<\/span><\/label><textarea id=\"wpforms-2166-field_2\" class=\"wpforms-field-medium wpforms-field-required\" name=\"wpforms[fields][2]\" required><\/textarea><\/div><\/div><!-- .wpforms-field-container --><div class=\"wpforms-submit-container\" ><input type=\"hidden\" name=\"wpforms[id]\" value=\"2166\"><input type=\"hidden\" name=\"page_title\" value=\"\"><input type=\"hidden\" name=\"page_url\" value=\"https:\/\/fjordminerals.no\/en\/wp-json\/wp\/v2\/pages\/2167\"><input type=\"hidden\" name=\"url_referer\" value=\"\"><button type=\"submit\" name=\"wpforms[submit]\" id=\"wpforms-submit-2166\" class=\"wpforms-submit\" data-alt-text=\"Sender...\" data-submit-text=\"Send\" aria-live=\"assertive\" value=\"wpforms-submit\">Send<\/button><img decoding=\"async\" src=\"https:\/\/fjordminerals.no\/wp-content\/plugins\/wpforms-lite\/assets\/images\/submit-spin.svg\" class=\"wpforms-submit-spinner\" style=\"display: none;\" width=\"26\" height=\"26\" alt=\"Loading\"><\/div><\/form><\/div>  <!-- .wpforms-container --><\/div>\n<\/div>\n","protected":false},"excerpt":{"rendered":"<p>post@fjordminerals.no Postboks 306,\u00a04379 Egersund\u00a0NORWAY Sponsing Vi har stor glede i \u00e5 sponse ut\u00f8vere, klubber og lag som \u00f8nsker \u00e5 fremme bruk av Fjord Minerals gjennom sine idretter, samt er positiv og inkluderende. Er du idrettsut\u00f8ver, klubb eller skal du arrangere et idrettsarrangement? Send oss en foresp\u00f8rsel om hvorfor akkurat du \/ dere \u00f8nsker \u00e5 benytte [&hellip;]<\/p>\n","protected":false},"author":1,"featured_media":0,"parent":0,"menu_order":0,"comment_status":"closed","ping_status":"closed","template":"","meta":{"footnotes":""},"class_list":["post-2167","page","type-page","status-publish","hentry"],"yoast_head":"<!-- This site is optimized with the Yoast SEO plugin v27.2 - https:\/\/yoast.com\/product\/yoast-seo-wordpress\/ -->\n<title>Kontakt oss - Fjord Minerals<\/title>\n<meta name=\"description\" content=\"post@fjordminerals.no Postboks 306,\u00a04379 Egersund\u00a0NORWAY Sponsing Vi har stor glede i \u00e5 sponse ut\u00f8vere, klubber og lag som \u00f8nsker \u00e5 fremme bruk av Fjord\" \/>\n<meta name=\"robots\" content=\"index, follow, max-snippet:-1, max-image-preview:large, max-video-preview:-1\" \/>\n<link rel=\"canonical\" href=\"https:\/\/fjordminerals.no\/en\/kontakt-oss\/\" \/>\n<meta property=\"og:locale\" content=\"en_GB\" \/>\n<meta property=\"og:type\" content=\"article\" \/>\n<meta property=\"og:title\" content=\"Kontakt oss - Fjord Minerals\" \/>\n<meta property=\"og:description\" content=\"post@fjordminerals.no Postboks 306,\u00a04379 Egersund\u00a0NORWAY Sponsing Vi har stor glede i \u00e5 sponse ut\u00f8vere, klubber og lag som \u00f8nsker \u00e5 fremme bruk av Fjord\" \/>\n<meta property=\"og:url\" content=\"https:\/\/fjordminerals.no\/en\/kontakt-oss\/\" \/>\n<meta property=\"og:site_name\" content=\"Fjord Minerals\" \/>\n<meta property=\"article:publisher\" content=\"https:\/\/www.facebook.com\/fjordnutrition\" \/>\n<meta property=\"article:modified_time\" content=\"2022-03-04T17:08:40+00:00\" \/>\n<meta name=\"twitter:card\" content=\"summary_large_image\" \/>\n<meta name=\"twitter:label1\" content=\"Estimated reading time\" \/>\n\t<meta name=\"twitter:data1\" content=\"1 minute\" \/>\n<script type=\"application\/ld+json\" class=\"yoast-schema-graph\">{\"@context\":\"https:\/\/schema.org\",\"@graph\":[{\"@type\":\"WebPage\",\"@id\":\"https:\/\/fjordminerals.no\/kontakt-oss\/\",\"url\":\"https:\/\/fjordminerals.no\/kontakt-oss\/\",\"name\":\"Kontakt oss - Fjord Minerals\",\"isPartOf\":{\"@id\":\"https:\/\/fjordminerals.no\/#website\"},\"datePublished\":\"2022-03-04T17:04:29+00:00\",\"dateModified\":\"2022-03-04T17:08:40+00:00\",\"description\":\"post@fjordminerals.no Postboks 306,\u00a04379 Egersund\u00a0NORWAY Sponsing Vi har stor glede i \u00e5 sponse ut\u00f8vere, klubber og lag som \u00f8nsker \u00e5 fremme bruk av Fjord\",\"breadcrumb\":{\"@id\":\"https:\/\/fjordminerals.no\/kontakt-oss\/#breadcrumb\"},\"inLanguage\":\"en-GB\",\"potentialAction\":[{\"@type\":\"ReadAction\",\"target\":[\"https:\/\/fjordminerals.no\/kontakt-oss\/\"]}]},{\"@type\":\"BreadcrumbList\",\"@id\":\"https:\/\/fjordminerals.no\/kontakt-oss\/#breadcrumb\",\"itemListElement\":[{\"@type\":\"ListItem\",\"position\":1,\"name\":\"Hjem\",\"item\":\"https:\/\/fjordminerals.no\/\"},{\"@type\":\"ListItem\",\"position\":2,\"name\":\"Kontakt oss\"}]},{\"@type\":\"WebSite\",\"@id\":\"https:\/\/fjordminerals.no\/#website\",\"url\":\"https:\/\/fjordminerals.no\/\",\"name\":\"Fjord Minerals\",\"description\":\"Uten mineraler stopper kroppen\",\"publisher\":{\"@id\":\"https:\/\/fjordminerals.no\/#organization\"},\"potentialAction\":[{\"@type\":\"SearchAction\",\"target\":{\"@type\":\"EntryPoint\",\"urlTemplate\":\"https:\/\/fjordminerals.no\/?s={search_term_string}\"},\"query-input\":{\"@type\":\"PropertyValueSpecification\",\"valueRequired\":true,\"valueName\":\"search_term_string\"}}],\"inLanguage\":\"en-GB\"},{\"@type\":\"Organization\",\"@id\":\"https:\/\/fjordminerals.no\/#organization\",\"name\":\"Fjord Minerals AS\",\"url\":\"https:\/\/fjordminerals.no\/\",\"logo\":{\"@type\":\"ImageObject\",\"inLanguage\":\"en-GB\",\"@id\":\"https:\/\/fjordminerals.no\/#\/schema\/logo\/image\/\",\"url\":\"https:\/\/fjordminerals.no\/wp-content\/uploads\/2020\/12\/cropped-Fjord-minerals-800px.png\",\"contentUrl\":\"https:\/\/fjordminerals.no\/wp-content\/uploads\/2020\/12\/cropped-Fjord-minerals-800px.png\",\"width\":512,\"height\":512,\"caption\":\"Fjord Minerals AS\"},\"image\":{\"@id\":\"https:\/\/fjordminerals.no\/#\/schema\/logo\/image\/\"},\"sameAs\":[\"https:\/\/www.facebook.com\/fjordnutrition\",\"http:\/\/instagram.com\/fjordminerals\/\",\"https:\/\/youtu.be\/O8TCsDkUf10\"]}]}<\/script>\n<!-- \/ Yoast SEO plugin. -->","yoast_head_json":{"title":"Kontakt oss - Fjord Minerals","description":"post@fjordminerals.no Postboks 306,\u00a04379 Egersund\u00a0NORWAY Sponsing Vi har stor glede i \u00e5 sponse ut\u00f8vere, klubber og lag som \u00f8nsker \u00e5 fremme bruk av Fjord","robots":{"index":"index","follow":"follow","max-snippet":"max-snippet:-1","max-image-preview":"max-image-preview:large","max-video-preview":"max-video-preview:-1"},"canonical":"https:\/\/fjordminerals.no\/en\/kontakt-oss\/","og_locale":"en_GB","og_type":"article","og_title":"Kontakt oss - Fjord Minerals","og_description":"post@fjordminerals.no Postboks 306,\u00a04379 Egersund\u00a0NORWAY Sponsing Vi har stor glede i \u00e5 sponse ut\u00f8vere, klubber og lag som \u00f8nsker \u00e5 fremme bruk av Fjord","og_url":"https:\/\/fjordminerals.no\/en\/kontakt-oss\/","og_site_name":"Fjord Minerals","article_publisher":"https:\/\/www.facebook.com\/fjordnutrition","article_modified_time":"2022-03-04T17:08:40+00:00","twitter_card":"summary_large_image","twitter_misc":{"Estimated reading time":"1 minute"},"schema":{"@context":"https:\/\/schema.org","@graph":[{"@type":"WebPage","@id":"https:\/\/fjordminerals.no\/kontakt-oss\/","url":"https:\/\/fjordminerals.no\/kontakt-oss\/","name":"Kontakt oss - Fjord Minerals","isPartOf":{"@id":"https:\/\/fjordminerals.no\/#website"},"datePublished":"2022-03-04T17:04:29+00:00","dateModified":"2022-03-04T17:08:40+00:00","description":"post@fjordminerals.no Postboks 306,\u00a04379 Egersund\u00a0NORWAY Sponsing Vi har stor glede i \u00e5 sponse ut\u00f8vere, klubber og lag som \u00f8nsker \u00e5 fremme bruk av Fjord","breadcrumb":{"@id":"https:\/\/fjordminerals.no\/kontakt-oss\/#breadcrumb"},"inLanguage":"en-GB","potentialAction":[{"@type":"ReadAction","target":["https:\/\/fjordminerals.no\/kontakt-oss\/"]}]},{"@type":"BreadcrumbList","@id":"https:\/\/fjordminerals.no\/kontakt-oss\/#breadcrumb","itemListElement":[{"@type":"ListItem","position":1,"name":"Hjem","item":"https:\/\/fjordminerals.no\/"},{"@type":"ListItem","position":2,"name":"Kontakt oss"}]},{"@type":"WebSite","@id":"https:\/\/fjordminerals.no\/#website","url":"https:\/\/fjordminerals.no\/","name":"Fjord Minerals","description":"Uten mineraler stopper kroppen","publisher":{"@id":"https:\/\/fjordminerals.no\/#organization"},"potentialAction":[{"@type":"SearchAction","target":{"@type":"EntryPoint","urlTemplate":"https:\/\/fjordminerals.no\/?s={search_term_string}"},"query-input":{"@type":"PropertyValueSpecification","valueRequired":true,"valueName":"search_term_string"}}],"inLanguage":"en-GB"},{"@type":"Organization","@id":"https:\/\/fjordminerals.no\/#organization","name":"Fjord Minerals AS","url":"https:\/\/fjordminerals.no\/","logo":{"@type":"ImageObject","inLanguage":"en-GB","@id":"https:\/\/fjordminerals.no\/#\/schema\/logo\/image\/","url":"https:\/\/fjordminerals.no\/wp-content\/uploads\/2020\/12\/cropped-Fjord-minerals-800px.png","contentUrl":"https:\/\/fjordminerals.no\/wp-content\/uploads\/2020\/12\/cropped-Fjord-minerals-800px.png","width":512,"height":512,"caption":"Fjord Minerals AS"},"image":{"@id":"https:\/\/fjordminerals.no\/#\/schema\/logo\/image\/"},"sameAs":["https:\/\/www.facebook.com\/fjordnutrition","http:\/\/instagram.com\/fjordminerals\/","https:\/\/youtu.be\/O8TCsDkUf10"]}]}},"_links":{"self":[{"href":"https:\/\/fjordminerals.no\/en\/wp-json\/wp\/v2\/pages\/2167","targetHints":{"allow":["GET"]}}],"collection":[{"href":"https:\/\/fjordminerals.no\/en\/wp-json\/wp\/v2\/pages"}],"about":[{"href":"https:\/\/fjordminerals.no\/en\/wp-json\/wp\/v2\/types\/page"}],"author":[{"embeddable":true,"href":"https:\/\/fjordminerals.no\/en\/wp-json\/wp\/v2\/users\/1"}],"replies":[{"embeddable":true,"href":"https:\/\/fjordminerals.no\/en\/wp-json\/wp\/v2\/comments?post=2167"}],"version-history":[{"count":6,"href":"https:\/\/fjordminerals.no\/en\/wp-json\/wp\/v2\/pages\/2167\/revisions"}],"predecessor-version":[{"id":2175,"href":"https:\/\/fjordminerals.no\/en\/wp-json\/wp\/v2\/pages\/2167\/revisions\/2175"}],"wp:attachment":[{"href":"https:\/\/fjordminerals.no\/en\/wp-json\/wp\/v2\/media?parent=2167"}],"curies":[{"name":"wp","href":"https:\/\/api.w.org\/{rel}","templated":true}]}}