{"id":3,"date":"2020-12-15T16:51:38","date_gmt":"2020-12-15T16:51:38","guid":{"rendered":"https:\/\/fjordminerals.no\/?page_id=3"},"modified":"2021-01-11T14:38:43","modified_gmt":"2021-01-11T13:38:43","slug":"personvernerklaering","status":"publish","type":"page","link":"https:\/\/fjordminerals.no\/en\/personvernerklaering\/","title":{"rendered":"Personvernerkl\u00e6ring"},"content":{"rendered":"<h1 class=\"wp-block-heading\">Hvem vi er<\/h1>\n\n\n\n<p>V\u00e5r nettstedsadresse er: https:\/\/fjordminerals.no<\/p>\n\n\n\n<h2 class=\"wp-block-heading\">Hvilke personopplysninger vi samler inn og hvorfor vi samler de inn<\/h2>\n\n\n\n<h3 class=\"wp-block-heading\"><strong>Kommentarer<\/strong><\/h3>\n\n\n\n<p>N\u00e5r bes\u00f8kende legger inn kommentarer p\u00e5 siden, lagres informasjonen gitt inn i kommentarskjemaet i tillegg til IP-adressen til den bes\u00f8kende og den bes\u00f8kendes nettleserversjon. Dette gj\u00f8res for \u00e5 bidra til \u00e5 unng\u00e5 useri\u00f8se kommentarer.<\/p>\n\n\n\n<p>En anonym tekststreng generert p\u00e5 grunnlag av e-postadressen din (ogs\u00e5 kalt en \u00abhash\u00bb) kan bli sendt til tjenesten Gravatar for \u00e5 unders\u00f8ke om du har en konto der. Personvernerkl\u00e6ringen til Gravatar ligger her: https:\/\/automattic.com\/privacy\/. Etter at kommentaren din er blitt godkjent, vil profilbildet ditt v\u00e6re synlig for hvem som helst i forbindelse med kommentaren din.<\/p>\n\n\n\n<h3 class=\"wp-block-heading\"><strong>Kontaktskjemaer<\/strong><\/h3>\n\n\n\n<p>N\u00e5r du fyller ut et kontaktskjema vil informasjonen du har lagt inn samt din IP-adresse lagres i noen sekunder f\u00f8r det automatisk sendes til oss via e-post. Informasjonen vil deretter umiddelbart bli slettet fra databasen. Din IP-adresse vil ikke sendes sammen med e-posten.<\/p>\n\n\n\n<h3 class=\"wp-block-heading\"><strong>Informasjonskapsler<\/strong><\/h3>\n\n\n\n<p>Hvis du legger inn en kommentar p\u00e5 dette nettstedet, kan du be oss om \u00e5 huske navn, e-post og nettsted. Denne informasjonen lagres i en informasjonskapsel og er der for \u00e5 gj\u00f8re ting lettere for deg. Du trenger da ikke \u00e5 gi inn denne informasjonen p\u00e5 nytt neste gang du legger inn en kommentar. Disse informasjonskapslene utl\u00f8per etter ett \u00e5r.<\/p>\n\n\n\n<h3 class=\"wp-block-heading\"><strong>Innebygd innhold fra andre nettsteder<\/strong><\/h3>\n\n\n\n<p>Artikler p\u00e5 denne siden kan inkludere innebygd innhold (f.eks. videoer, bilder, artikler osv.). Innebygd innhold fra andre nettsteder oppf\u00f8rer seg p\u00e5 n\u00f8yaktig samme m\u00e5te som om den bes\u00f8kende hadde bes\u00f8kt nettstedet som det innebygde innholdet kommer fra.<\/p>\n\n\n\n<p>Disse nettstedene kan samle inn opplysninger om deg, bruke informasjonskapsler eller bygge inn sporingssystemer fra en tredjepart og overv\u00e5ke hva du gj\u00f8r via dette innebygde innholdet. Dette omfatter ogs\u00e5 sporing av handlingene dine via det innebygde innholdet dersom du har en konto og er logget inn p\u00e5 nettstedet.<\/p>\n\n\n\n<h3 class=\"wp-block-heading\"><strong>Google Analytics<\/strong><\/h3>\n\n\n\n<p>Vi bruker Google Analytics for \u00e5 se hvordan brukerne bruker hjemmesiden v\u00e5r. Din IP-adresse blir pseudo-anonymisert slik at du som person ikke kan identifiseres.<\/p>\n\n\n\n<h3 class=\"wp-block-heading\">Nettbutikk<\/h3>\n\n\n\n<p>Vi bruker WooCommerce som publiseringsl\u00f8sningen i v\u00e5r nettbutikk.<\/p>\n\n\n\n<h3 class=\"wp-block-heading\">Betalingssl\u00f8sning<\/h3>\n\n\n\n<p>Vi benyttter Stripe som betalingsl\u00f8sning i v\u00e5r nettbutikk. Dette er en tredjepart hvor all betaling g\u00e5r igjennom. Dine opplysninger blir lagret i Stripe. Deles ikke med noen. <\/p>\n\n\n\n<h2 class=\"wp-block-heading\">Hvem vi deler dine opplysninger med<\/h2>\n\n\n\n<p>Dine opplysninger deles ikke med noen.<\/p>\n\n\n\n<h2 class=\"wp-block-heading\">Hvor lenge vi oppbevarer opplysninger om deg<\/h2>\n\n\n\n<p>Hvis du legger igjen en kommentar, blir kommentaren og informasjon om kommentaren lagret p\u00e5 ubestemt tid. Dette er for at vi kan gjenkjenne oppf\u00f8lgingskommentarer og godkjenne dem automatisk i stedet for \u00e5 legge dem i en k\u00f8 der de m\u00e5 godkjennes manuelt av en redakt\u00f8r.<\/p>\n\n\n\n<h3 class=\"wp-block-heading\"><strong>Google Analytics<\/strong><\/h3>\n\n\n\n<p>Data hos Google Analytics slettes etter 14 m\u00e5neder uavhengig av din aktivitet p\u00e5 nettstedet.<\/p>\n\n\n\n<h2 class=\"wp-block-heading\">Sletting av opplysninger<\/h2>\n\n\n\n<p>\u00d8nsker du at dine opplysninger skal slettes fra v\u00e5re systemer, send oss en mail p\u00e5 post@fjordminerals.no<\/p>\n\n\n\n<h3 class=\"wp-block-heading\">Hvor vi sender opplysninger om deg<\/h3>\n\n\n\n<p>Bes\u00f8kendes kommentarer kan bli kontrollert gjennom en automatisk gjenkjennelsestjeneste mot s\u00f8ppelkommentarer.<\/p>\n\n\n\n<h2 class=\"wp-block-heading\">Cookie policy<\/h2>\n\n\n\n<p>Klikk her for\u00a0<a role='button' tabindex='0' class=\"cli_settings_button\" style=\"margin:0px 10px 0px 5px;\" >Cookie innstillinger<\/a> for denne hjemmesiden<\/p>\n\n\n\n<h3 class=\"wp-block-heading\"><strong>Hva er en cookie?<\/strong><\/h3>\n\n\n\n<p>En cookie er en liten tekst-fil som vi lagrer p\u00e5 din PC. Dette gj\u00f8r vi f\u00e5r \u00e5 kunne holde orden p\u00e5 hva der skjer under ditt bes\u00f8k og for vi skal kunne gjenkjenne din PC. En cookie inneholder kun tekst, er ikke et program og inneholder ikke virus.<\/p>\n\n\n\n<h3 class=\"wp-block-heading\"><strong>Sletting av cookies<\/strong><\/h3>\n\n\n\n<p>Cookies som du tidligere har akseptert, kan senere enkelt slettes. Du kan ogs\u00e5 deaktivere cookies i din nettleser via innstillingene.<\/p>","protected":false},"excerpt":{"rendered":"<p>Hvem vi er V\u00e5r nettstedsadresse er: https:\/\/fjordminerals.no Hvilke personopplysninger vi samler inn og hvorfor vi samler de inn Kommentarer N\u00e5r bes\u00f8kende legger inn kommentarer p\u00e5 siden, lagres informasjonen gitt inn i kommentarskjemaet i tillegg til IP-adressen til den bes\u00f8kende og den bes\u00f8kendes nettleserversjon. Dette gj\u00f8res for \u00e5 bidra til \u00e5 unng\u00e5 useri\u00f8se kommentarer. En anonym [&hellip;]<\/p>\n","protected":false},"author":1,"featured_media":0,"parent":0,"menu_order":0,"comment_status":"closed","ping_status":"closed","template":"","meta":{"footnotes":""},"class_list":["post-3","page","type-page","status-publish","hentry"],"yoast_head":"<!-- This site is optimized with the Yoast SEO plugin v27.2 - https:\/\/yoast.com\/product\/yoast-seo-wordpress\/ -->\n<title>Personvernerkl\u00e6ring - Fjord Minerals<\/title>\n<meta name=\"description\" content=\"Hvem vi er V\u00e5r nettstedsadresse er: https:\/\/fjordminerals.no Hvilke personopplysninger vi samler inn og hvorfor vi samler de inn Kommentarer N\u00e5r bes\u00f8kende\" \/>\n<meta name=\"robots\" content=\"index, follow, max-snippet:-1, max-image-preview:large, max-video-preview:-1\" \/>\n<link rel=\"canonical\" href=\"https:\/\/fjordminerals.no\/en\/personvernerklaering\/\" \/>\n<meta property=\"og:locale\" content=\"en_GB\" \/>\n<meta property=\"og:type\" content=\"article\" \/>\n<meta property=\"og:title\" content=\"Personvernerkl\u00e6ring - Fjord Minerals\" \/>\n<meta property=\"og:description\" content=\"Hvem vi er V\u00e5r nettstedsadresse er: https:\/\/fjordminerals.no Hvilke personopplysninger vi samler inn og hvorfor vi samler de inn Kommentarer N\u00e5r bes\u00f8kende\" \/>\n<meta property=\"og:url\" content=\"https:\/\/fjordminerals.no\/en\/personvernerklaering\/\" \/>\n<meta property=\"og:site_name\" content=\"Fjord Minerals\" \/>\n<meta property=\"article:publisher\" content=\"https:\/\/www.facebook.com\/fjordnutrition\" \/>\n<meta property=\"article:modified_time\" content=\"2021-01-11T13:38:43+00:00\" \/>\n<meta name=\"twitter:card\" content=\"summary_large_image\" \/>\n<meta name=\"twitter:label1\" content=\"Estimated reading time\" \/>\n\t<meta name=\"twitter:data1\" content=\"3 minutes\" \/>\n<script type=\"application\/ld+json\" class=\"yoast-schema-graph\">{\"@context\":\"https:\/\/schema.org\",\"@graph\":[{\"@type\":\"WebPage\",\"@id\":\"https:\/\/fjordminerals.no\/personvernerklaering\/\",\"url\":\"https:\/\/fjordminerals.no\/personvernerklaering\/\",\"name\":\"Personvernerkl\u00e6ring - Fjord Minerals\",\"isPartOf\":{\"@id\":\"https:\/\/fjordminerals.no\/#website\"},\"datePublished\":\"2020-12-15T16:51:38+00:00\",\"dateModified\":\"2021-01-11T13:38:43+00:00\",\"description\":\"Hvem vi er V\u00e5r nettstedsadresse er: https:\/\/fjordminerals.no Hvilke personopplysninger vi samler inn og hvorfor vi samler de inn Kommentarer N\u00e5r bes\u00f8kende\",\"breadcrumb\":{\"@id\":\"https:\/\/fjordminerals.no\/personvernerklaering\/#breadcrumb\"},\"inLanguage\":\"en-GB\",\"potentialAction\":[{\"@type\":\"ReadAction\",\"target\":[\"https:\/\/fjordminerals.no\/personvernerklaering\/\"]}]},{\"@type\":\"BreadcrumbList\",\"@id\":\"https:\/\/fjordminerals.no\/personvernerklaering\/#breadcrumb\",\"itemListElement\":[{\"@type\":\"ListItem\",\"position\":1,\"name\":\"Hjem\",\"item\":\"https:\/\/fjordminerals.no\/\"},{\"@type\":\"ListItem\",\"position\":2,\"name\":\"Personvernerkl\u00e6ring\"}]},{\"@type\":\"WebSite\",\"@id\":\"https:\/\/fjordminerals.no\/#website\",\"url\":\"https:\/\/fjordminerals.no\/\",\"name\":\"Fjord Minerals\",\"description\":\"Uten mineraler stopper kroppen\",\"publisher\":{\"@id\":\"https:\/\/fjordminerals.no\/#organization\"},\"potentialAction\":[{\"@type\":\"SearchAction\",\"target\":{\"@type\":\"EntryPoint\",\"urlTemplate\":\"https:\/\/fjordminerals.no\/?s={search_term_string}\"},\"query-input\":{\"@type\":\"PropertyValueSpecification\",\"valueRequired\":true,\"valueName\":\"search_term_string\"}}],\"inLanguage\":\"en-GB\"},{\"@type\":\"Organization\",\"@id\":\"https:\/\/fjordminerals.no\/#organization\",\"name\":\"Fjord Minerals AS\",\"url\":\"https:\/\/fjordminerals.no\/\",\"logo\":{\"@type\":\"ImageObject\",\"inLanguage\":\"en-GB\",\"@id\":\"https:\/\/fjordminerals.no\/#\/schema\/logo\/image\/\",\"url\":\"https:\/\/fjordminerals.no\/wp-content\/uploads\/2020\/12\/cropped-Fjord-minerals-800px.png\",\"contentUrl\":\"https:\/\/fjordminerals.no\/wp-content\/uploads\/2020\/12\/cropped-Fjord-minerals-800px.png\",\"width\":512,\"height\":512,\"caption\":\"Fjord Minerals AS\"},\"image\":{\"@id\":\"https:\/\/fjordminerals.no\/#\/schema\/logo\/image\/\"},\"sameAs\":[\"https:\/\/www.facebook.com\/fjordnutrition\",\"http:\/\/instagram.com\/fjordminerals\/\",\"https:\/\/youtu.be\/O8TCsDkUf10\"]}]}<\/script>\n<!-- \/ Yoast SEO plugin. -->","yoast_head_json":{"title":"Personvernerkl\u00e6ring - Fjord Minerals","description":"Hvem vi er V\u00e5r nettstedsadresse er: https:\/\/fjordminerals.no Hvilke personopplysninger vi samler inn og hvorfor vi samler de inn Kommentarer N\u00e5r bes\u00f8kende","robots":{"index":"index","follow":"follow","max-snippet":"max-snippet:-1","max-image-preview":"max-image-preview:large","max-video-preview":"max-video-preview:-1"},"canonical":"https:\/\/fjordminerals.no\/en\/personvernerklaering\/","og_locale":"en_GB","og_type":"article","og_title":"Personvernerkl\u00e6ring - Fjord Minerals","og_description":"Hvem vi er V\u00e5r nettstedsadresse er: https:\/\/fjordminerals.no Hvilke personopplysninger vi samler inn og hvorfor vi samler de inn Kommentarer N\u00e5r bes\u00f8kende","og_url":"https:\/\/fjordminerals.no\/en\/personvernerklaering\/","og_site_name":"Fjord Minerals","article_publisher":"https:\/\/www.facebook.com\/fjordnutrition","article_modified_time":"2021-01-11T13:38:43+00:00","twitter_card":"summary_large_image","twitter_misc":{"Estimated reading time":"3 minutes"},"schema":{"@context":"https:\/\/schema.org","@graph":[{"@type":"WebPage","@id":"https:\/\/fjordminerals.no\/personvernerklaering\/","url":"https:\/\/fjordminerals.no\/personvernerklaering\/","name":"Personvernerkl\u00e6ring - Fjord Minerals","isPartOf":{"@id":"https:\/\/fjordminerals.no\/#website"},"datePublished":"2020-12-15T16:51:38+00:00","dateModified":"2021-01-11T13:38:43+00:00","description":"Hvem vi er V\u00e5r nettstedsadresse er: https:\/\/fjordminerals.no Hvilke personopplysninger vi samler inn og hvorfor vi samler de inn Kommentarer N\u00e5r bes\u00f8kende","breadcrumb":{"@id":"https:\/\/fjordminerals.no\/personvernerklaering\/#breadcrumb"},"inLanguage":"en-GB","potentialAction":[{"@type":"ReadAction","target":["https:\/\/fjordminerals.no\/personvernerklaering\/"]}]},{"@type":"BreadcrumbList","@id":"https:\/\/fjordminerals.no\/personvernerklaering\/#breadcrumb","itemListElement":[{"@type":"ListItem","position":1,"name":"Hjem","item":"https:\/\/fjordminerals.no\/"},{"@type":"ListItem","position":2,"name":"Personvernerkl\u00e6ring"}]},{"@type":"WebSite","@id":"https:\/\/fjordminerals.no\/#website","url":"https:\/\/fjordminerals.no\/","name":"Fjord Minerals","description":"Uten mineraler stopper kroppen","publisher":{"@id":"https:\/\/fjordminerals.no\/#organization"},"potentialAction":[{"@type":"SearchAction","target":{"@type":"EntryPoint","urlTemplate":"https:\/\/fjordminerals.no\/?s={search_term_string}"},"query-input":{"@type":"PropertyValueSpecification","valueRequired":true,"valueName":"search_term_string"}}],"inLanguage":"en-GB"},{"@type":"Organization","@id":"https:\/\/fjordminerals.no\/#organization","name":"Fjord Minerals AS","url":"https:\/\/fjordminerals.no\/","logo":{"@type":"ImageObject","inLanguage":"en-GB","@id":"https:\/\/fjordminerals.no\/#\/schema\/logo\/image\/","url":"https:\/\/fjordminerals.no\/wp-content\/uploads\/2020\/12\/cropped-Fjord-minerals-800px.png","contentUrl":"https:\/\/fjordminerals.no\/wp-content\/uploads\/2020\/12\/cropped-Fjord-minerals-800px.png","width":512,"height":512,"caption":"Fjord Minerals AS"},"image":{"@id":"https:\/\/fjordminerals.no\/#\/schema\/logo\/image\/"},"sameAs":["https:\/\/www.facebook.com\/fjordnutrition","http:\/\/instagram.com\/fjordminerals\/","https:\/\/youtu.be\/O8TCsDkUf10"]}]}},"_links":{"self":[{"href":"https:\/\/fjordminerals.no\/en\/wp-json\/wp\/v2\/pages\/3","targetHints":{"allow":["GET"]}}],"collection":[{"href":"https:\/\/fjordminerals.no\/en\/wp-json\/wp\/v2\/pages"}],"about":[{"href":"https:\/\/fjordminerals.no\/en\/wp-json\/wp\/v2\/types\/page"}],"author":[{"embeddable":true,"href":"https:\/\/fjordminerals.no\/en\/wp-json\/wp\/v2\/users\/1"}],"replies":[{"embeddable":true,"href":"https:\/\/fjordminerals.no\/en\/wp-json\/wp\/v2\/comments?post=3"}],"version-history":[{"count":3,"href":"https:\/\/fjordminerals.no\/en\/wp-json\/wp\/v2\/pages\/3\/revisions"}],"predecessor-version":[{"id":623,"href":"https:\/\/fjordminerals.no\/en\/wp-json\/wp\/v2\/pages\/3\/revisions\/623"}],"wp:attachment":[{"href":"https:\/\/fjordminerals.no\/en\/wp-json\/wp\/v2\/media?parent=3"}],"curies":[{"name":"wp","href":"https:\/\/api.w.org\/{rel}","templated":true}]}}