{"id":702,"date":"2021-01-12T18:30:54","date_gmt":"2021-01-12T17:30:54","guid":{"rendered":"https:\/\/fjordminerals.no\/?page_id=702"},"modified":"2021-01-21T14:04:39","modified_gmt":"2021-01-21T13:04:39","slug":"kjopsbetingelser","status":"publish","type":"page","link":"https:\/\/fjordminerals.no\/en\/kjopsbetingelser\/","title":{"rendered":"Kj\u00f8psbetingelser"},"content":{"rendered":"<p><strong>Generelt<\/strong><\/p>\n\n\n\n<p>For \u00e5 kunne handle hos oss m\u00e5 du v\u00e6re fylt 18 \u00e5r.&nbsp;Du har ogs\u00e5 mulighet til \u00e5 la dine foresatte eller en annen myndig person foreta bestillingen for deg.<\/p>\n\n\n\n<p><strong>Levering<\/strong><\/p>\n\n\n\n<p>Per i dag leverer vi kun varer til Norge. Alle pakker blir sendt med Posten\/Bring.<\/p>\n\n\n\n<p><strong>Bestillingsprosess<\/strong><\/p>\n\n\n\n<p>Din ordre er bindende n\u00e5r ordren er registrert i v\u00e5rt system. \u00d8nsker du \u00e5 annullere ordren m\u00e5 du ringe oss umiddelbart etter bestilling. Vi kan ikke garantere at avbestillinger gjort via e-post blir registrert tidsnok, ettersom vi jobber hardt med \u00e5 sendt ut bestillingene s\u00e5 raskt som mulig. Hvis ordren blir sendt kan du benytte deg av angreretten. Returfrakt m\u00e5 dekkes av kunde.<\/p>\n\n\n\n<p>Du vil motta to e-poster med oversikt over din ordre. Den f\u00f8rste er en bekreftelse p\u00e5 din bestilling. N\u00e5r vi har registrert din ordre manuelt vil vi godkjenne den og sende deg en ny ordrebekreftelse p\u00e5 e-post. Det er viktig at du leser gjennom bekreftelsen slik at du ser at den er i overensstemmelse med din bestilling. Hvis det er noe galt med din ordre vil vi ta kontakt med deg p\u00e5 telefon eller e-post. Eksempler p\u00e5 dette kan v\u00e6re varer som er utg\u00e5tt, utsolgt eller betydelig forsinket inn p\u00e5 lager.<\/p>\n\n\n\n<p><strong>Opplysninger i nettbutikk<\/strong><\/p>\n\n\n\n<p>Vi gj\u00f8r v\u00e5rt ytterste for \u00e5 vise korrekt informasjon ang\u00e5ende v\u00e5re salgsvarer i nettbutikken. Vi m\u00e5 i midlertid ta forbehold om at bilde-\/ skrive-\/ trykkfeil kan forekomme. Slike feil kan f\u00f8re til at vi ikke kan levere i henhold til feilinformasjon i nettbutikk eller markedsf\u00f8ring. Ellers forbeholder vi oss retten til \u00e5 kansellere din ordre eller deler av den dersom varen du \u00f8nsker er utsolgt. Ved slike situasjoner vil du f\u00e5 melding om dette p\u00e5 e-post.<\/p>\n\n\n\n<p><strong>Priser<\/strong><\/p>\n\n\n\n<p>V\u00e5re priser er inkludert merverdiavgift. Totalprisen inkludert frakt kan du se n\u00e5r du g\u00e5r til kassen, der kan du ogs\u00e5 se prisen med forskjellige leveringsmetoder.<\/p>\n\n\n\n<p><strong>Betaling<\/strong><\/p>\n\n\n\n<p>Hos oss kan du velge \u00e5 betale med Visa eller Mastercard med Stripe betalingsl\u00f8sning.<\/p>\n\n\n\n<p><strong>Levering<\/strong><\/p>\n\n\n\n<p>N\u00e5r vi har godkjent din ordre sender vi ut en ordrebekreftelse p\u00e5 e-post at pakken er p\u00e5 vei. Har vi alle varer p\u00e5 lager sendes bestillingen s\u00e5 fort som mulig fra v\u00e5rt lager og leveringstiden med Postens brev \/ servicepakke er p\u00e5 1-5 arbeidsdager avhengig av hvor du bor i landet. Vi m\u00e5 imidlertid ta forbehold om feil i lagerstatus.<\/p>\n\n\n\n<p><strong>Retur<\/strong><\/p>\n\n\n\n<p>Du m\u00e5 selv dekke returkostnadene for produkter du kj\u00f8per hos oss ved bruk av angrerett og bytte. Kostnadene for retur finner du ved \u00e5 g\u00e5 inn p\u00e5 postens nettsider&nbsp;<a href=\"http:\/\/www.posten.no\/produkter-og-tjenester\/pakker\/norgespakken-sende-pakke-i-norge\" target=\"_blank\" rel=\"noreferrer noopener\">her.<\/a><\/p>\n\n\n\n<p>Du har selv ansvaret for retursendingen frem til vi mottar den.<\/p>\n\n\n\n<p><strong>Angrerett<\/strong><\/p>\n\n\n\n<p>Du har 14 dagers angrerett fra datoen du mottar pakken. Dersom du g\u00e5r fra denne avtalen, skal vi tilbakebetale alle betalinger vi har mottatt fra deg, herunder leveringskostnadene (med unntak av tilleggskostnader som f\u00f8lge av at du har valgt en annen type levering enn den billigste standardleveringen vi tilbyr), uten un\u00f8dig opphold fra den dagen vi mottar returen din.<\/p>\n\n\n\n<p><a href=\"https:\/\/fjordminerals.no\/wp-content\/uploads\/2021\/01\/Angrerettskjema-FjordMinerals.pdf\" target=\"_blank\" rel=\"noreferrer noopener\">Last ned angrerettskjema her<\/a><\/p>\n\n\n\n<p>Vi foretar tilbakebetalingen med samme betalingsmiddel som du benyttet ved den opprinnelige transaksjonen.<\/p>\n\n\n\n<p>Du vil ikke bli p\u00e5lagt noe gebyr for tilbakebetalingen.<\/p>\n\n\n\n<p>Vi kan holde tilbake betalingen til vi har f\u00e5tt varene tilbake, eller til du har lagt frem dokumentasjon p\u00e5 at varene er sendt tilbake, eller til det av disse tidspunktene som intreffer f\u00f8rst.<\/p>\n\n\n\n<p>Du m\u00e5 returnere varene eller levere de tilbake til oss, uten un\u00f8dig opphold og i alle tilfeller senest 14 dager etter den dag du har underrettet oss om at du vil g\u00e5 fra avtalen. Fristen er overholdt dersom du sender tilbake varene f\u00f8r fristen p\u00e5 14 dager er utl\u00f8pt.<\/p>\n\n\n\n<p>Du m\u00e5 b\u00e6re de direkte kostnadene ved \u00e5 returnere varene.<\/p>\n\n\n\n<p>Du er ansvarlig for en eventuell reduksjon i varenes verdi som skyldes en annen h\u00e5ndtering av varene enn den som er n\u00f8dvendig for \u00e5 fastsl\u00e5 deres art, egenskaper og funksjon.<\/p>","protected":false},"excerpt":{"rendered":"<p>Generelt For \u00e5 kunne handle hos oss m\u00e5 du v\u00e6re fylt 18 \u00e5r.&nbsp;Du har ogs\u00e5 mulighet til \u00e5 la dine foresatte eller en annen myndig person foreta bestillingen for deg. Levering Per i dag leverer vi kun varer til Norge. Alle pakker blir sendt med Posten\/Bring. Bestillingsprosess Din ordre er bindende n\u00e5r ordren er registrert [&hellip;]<\/p>\n","protected":false},"author":1,"featured_media":0,"parent":0,"menu_order":0,"comment_status":"closed","ping_status":"closed","template":"","meta":{"footnotes":""},"class_list":["post-702","page","type-page","status-publish","hentry"],"yoast_head":"<!-- This site is optimized with the Yoast SEO plugin v27.2 - https:\/\/yoast.com\/product\/yoast-seo-wordpress\/ -->\n<title>Kj\u00f8psbetingelser - Fjord Minerals<\/title>\n<meta name=\"description\" content=\"Generelt For \u00e5 kunne handle hos oss m\u00e5 du v\u00e6re fylt 18 \u00e5r.&nbsp;Du har ogs\u00e5 mulighet til \u00e5 la dine foresatte eller en annen myndig person foreta\" \/>\n<meta name=\"robots\" content=\"index, follow, max-snippet:-1, max-image-preview:large, max-video-preview:-1\" \/>\n<link rel=\"canonical\" href=\"https:\/\/fjordminerals.no\/en\/kjopsbetingelser\/\" \/>\n<meta property=\"og:locale\" content=\"en_GB\" \/>\n<meta property=\"og:type\" content=\"article\" \/>\n<meta property=\"og:title\" content=\"Kj\u00f8psbetingelser - Fjord Minerals\" \/>\n<meta property=\"og:description\" content=\"Generelt For \u00e5 kunne handle hos oss m\u00e5 du v\u00e6re fylt 18 \u00e5r.&nbsp;Du har ogs\u00e5 mulighet til \u00e5 la dine foresatte eller en annen myndig person foreta\" \/>\n<meta property=\"og:url\" content=\"https:\/\/fjordminerals.no\/en\/kjopsbetingelser\/\" \/>\n<meta property=\"og:site_name\" content=\"Fjord Minerals\" \/>\n<meta property=\"article:publisher\" content=\"https:\/\/www.facebook.com\/fjordnutrition\" \/>\n<meta property=\"article:modified_time\" content=\"2021-01-21T13:04:39+00:00\" \/>\n<meta name=\"twitter:card\" content=\"summary_large_image\" \/>\n<meta name=\"twitter:label1\" content=\"Estimated reading time\" \/>\n\t<meta name=\"twitter:data1\" content=\"3 minutes\" \/>\n<script type=\"application\/ld+json\" class=\"yoast-schema-graph\">{\"@context\":\"https:\/\/schema.org\",\"@graph\":[{\"@type\":\"WebPage\",\"@id\":\"https:\/\/fjordminerals.no\/kjopsbetingelser\/\",\"url\":\"https:\/\/fjordminerals.no\/kjopsbetingelser\/\",\"name\":\"Kj\u00f8psbetingelser - Fjord Minerals\",\"isPartOf\":{\"@id\":\"https:\/\/fjordminerals.no\/#website\"},\"datePublished\":\"2021-01-12T17:30:54+00:00\",\"dateModified\":\"2021-01-21T13:04:39+00:00\",\"description\":\"Generelt For \u00e5 kunne handle hos oss m\u00e5 du v\u00e6re fylt 18 \u00e5r.&nbsp;Du har ogs\u00e5 mulighet til \u00e5 la dine foresatte eller en annen myndig person foreta\",\"breadcrumb\":{\"@id\":\"https:\/\/fjordminerals.no\/kjopsbetingelser\/#breadcrumb\"},\"inLanguage\":\"en-GB\",\"potentialAction\":[{\"@type\":\"ReadAction\",\"target\":[\"https:\/\/fjordminerals.no\/kjopsbetingelser\/\"]}]},{\"@type\":\"BreadcrumbList\",\"@id\":\"https:\/\/fjordminerals.no\/kjopsbetingelser\/#breadcrumb\",\"itemListElement\":[{\"@type\":\"ListItem\",\"position\":1,\"name\":\"Hjem\",\"item\":\"https:\/\/fjordminerals.no\/\"},{\"@type\":\"ListItem\",\"position\":2,\"name\":\"Kj\u00f8psbetingelser\"}]},{\"@type\":\"WebSite\",\"@id\":\"https:\/\/fjordminerals.no\/#website\",\"url\":\"https:\/\/fjordminerals.no\/\",\"name\":\"Fjord Minerals\",\"description\":\"Uten mineraler stopper kroppen\",\"publisher\":{\"@id\":\"https:\/\/fjordminerals.no\/#organization\"},\"potentialAction\":[{\"@type\":\"SearchAction\",\"target\":{\"@type\":\"EntryPoint\",\"urlTemplate\":\"https:\/\/fjordminerals.no\/?s={search_term_string}\"},\"query-input\":{\"@type\":\"PropertyValueSpecification\",\"valueRequired\":true,\"valueName\":\"search_term_string\"}}],\"inLanguage\":\"en-GB\"},{\"@type\":\"Organization\",\"@id\":\"https:\/\/fjordminerals.no\/#organization\",\"name\":\"Fjord Minerals AS\",\"url\":\"https:\/\/fjordminerals.no\/\",\"logo\":{\"@type\":\"ImageObject\",\"inLanguage\":\"en-GB\",\"@id\":\"https:\/\/fjordminerals.no\/#\/schema\/logo\/image\/\",\"url\":\"https:\/\/fjordminerals.no\/wp-content\/uploads\/2020\/12\/cropped-Fjord-minerals-800px.png\",\"contentUrl\":\"https:\/\/fjordminerals.no\/wp-content\/uploads\/2020\/12\/cropped-Fjord-minerals-800px.png\",\"width\":512,\"height\":512,\"caption\":\"Fjord Minerals AS\"},\"image\":{\"@id\":\"https:\/\/fjordminerals.no\/#\/schema\/logo\/image\/\"},\"sameAs\":[\"https:\/\/www.facebook.com\/fjordnutrition\",\"http:\/\/instagram.com\/fjordminerals\/\",\"https:\/\/youtu.be\/O8TCsDkUf10\"]}]}<\/script>\n<!-- \/ Yoast SEO plugin. -->","yoast_head_json":{"title":"Kj\u00f8psbetingelser - Fjord Minerals","description":"Generelt For \u00e5 kunne handle hos oss m\u00e5 du v\u00e6re fylt 18 \u00e5r.&nbsp;Du har ogs\u00e5 mulighet til \u00e5 la dine foresatte eller en annen myndig person foreta","robots":{"index":"index","follow":"follow","max-snippet":"max-snippet:-1","max-image-preview":"max-image-preview:large","max-video-preview":"max-video-preview:-1"},"canonical":"https:\/\/fjordminerals.no\/en\/kjopsbetingelser\/","og_locale":"en_GB","og_type":"article","og_title":"Kj\u00f8psbetingelser - Fjord Minerals","og_description":"Generelt For \u00e5 kunne handle hos oss m\u00e5 du v\u00e6re fylt 18 \u00e5r.&nbsp;Du har ogs\u00e5 mulighet til \u00e5 la dine foresatte eller en annen myndig person foreta","og_url":"https:\/\/fjordminerals.no\/en\/kjopsbetingelser\/","og_site_name":"Fjord Minerals","article_publisher":"https:\/\/www.facebook.com\/fjordnutrition","article_modified_time":"2021-01-21T13:04:39+00:00","twitter_card":"summary_large_image","twitter_misc":{"Estimated reading time":"3 minutes"},"schema":{"@context":"https:\/\/schema.org","@graph":[{"@type":"WebPage","@id":"https:\/\/fjordminerals.no\/kjopsbetingelser\/","url":"https:\/\/fjordminerals.no\/kjopsbetingelser\/","name":"Kj\u00f8psbetingelser - Fjord Minerals","isPartOf":{"@id":"https:\/\/fjordminerals.no\/#website"},"datePublished":"2021-01-12T17:30:54+00:00","dateModified":"2021-01-21T13:04:39+00:00","description":"Generelt For \u00e5 kunne handle hos oss m\u00e5 du v\u00e6re fylt 18 \u00e5r.&nbsp;Du har ogs\u00e5 mulighet til \u00e5 la dine foresatte eller en annen myndig person foreta","breadcrumb":{"@id":"https:\/\/fjordminerals.no\/kjopsbetingelser\/#breadcrumb"},"inLanguage":"en-GB","potentialAction":[{"@type":"ReadAction","target":["https:\/\/fjordminerals.no\/kjopsbetingelser\/"]}]},{"@type":"BreadcrumbList","@id":"https:\/\/fjordminerals.no\/kjopsbetingelser\/#breadcrumb","itemListElement":[{"@type":"ListItem","position":1,"name":"Hjem","item":"https:\/\/fjordminerals.no\/"},{"@type":"ListItem","position":2,"name":"Kj\u00f8psbetingelser"}]},{"@type":"WebSite","@id":"https:\/\/fjordminerals.no\/#website","url":"https:\/\/fjordminerals.no\/","name":"Fjord Minerals","description":"Uten mineraler stopper kroppen","publisher":{"@id":"https:\/\/fjordminerals.no\/#organization"},"potentialAction":[{"@type":"SearchAction","target":{"@type":"EntryPoint","urlTemplate":"https:\/\/fjordminerals.no\/?s={search_term_string}"},"query-input":{"@type":"PropertyValueSpecification","valueRequired":true,"valueName":"search_term_string"}}],"inLanguage":"en-GB"},{"@type":"Organization","@id":"https:\/\/fjordminerals.no\/#organization","name":"Fjord Minerals AS","url":"https:\/\/fjordminerals.no\/","logo":{"@type":"ImageObject","inLanguage":"en-GB","@id":"https:\/\/fjordminerals.no\/#\/schema\/logo\/image\/","url":"https:\/\/fjordminerals.no\/wp-content\/uploads\/2020\/12\/cropped-Fjord-minerals-800px.png","contentUrl":"https:\/\/fjordminerals.no\/wp-content\/uploads\/2020\/12\/cropped-Fjord-minerals-800px.png","width":512,"height":512,"caption":"Fjord Minerals AS"},"image":{"@id":"https:\/\/fjordminerals.no\/#\/schema\/logo\/image\/"},"sameAs":["https:\/\/www.facebook.com\/fjordnutrition","http:\/\/instagram.com\/fjordminerals\/","https:\/\/youtu.be\/O8TCsDkUf10"]}]}},"_links":{"self":[{"href":"https:\/\/fjordminerals.no\/en\/wp-json\/wp\/v2\/pages\/702","targetHints":{"allow":["GET"]}}],"collection":[{"href":"https:\/\/fjordminerals.no\/en\/wp-json\/wp\/v2\/pages"}],"about":[{"href":"https:\/\/fjordminerals.no\/en\/wp-json\/wp\/v2\/types\/page"}],"author":[{"embeddable":true,"href":"https:\/\/fjordminerals.no\/en\/wp-json\/wp\/v2\/users\/1"}],"replies":[{"embeddable":true,"href":"https:\/\/fjordminerals.no\/en\/wp-json\/wp\/v2\/comments?post=702"}],"version-history":[{"count":6,"href":"https:\/\/fjordminerals.no\/en\/wp-json\/wp\/v2\/pages\/702\/revisions"}],"predecessor-version":[{"id":802,"href":"https:\/\/fjordminerals.no\/en\/wp-json\/wp\/v2\/pages\/702\/revisions\/802"}],"wp:attachment":[{"href":"https:\/\/fjordminerals.no\/en\/wp-json\/wp\/v2\/media?parent=702"}],"curies":[{"name":"wp","href":"https:\/\/api.w.org\/{rel}","templated":true}]}}