{"id":25,"date":"2020-12-16T08:55:36","date_gmt":"2020-12-16T07:55:36","guid":{"rendered":"https:\/\/fjordminerals.no\/?post_type=product&#038;p=25"},"modified":"2024-03-28T12:42:46","modified_gmt":"2024-03-28T11:42:46","slug":"crampfix","status":"publish","type":"product","link":"https:\/\/fjordminerals.no\/en\/product\/crampfix\/","title":{"rendered":"Crampfix"},"content":{"rendered":"<p>CRAMPFIX is a mineral complex developed to ensure optimal signal transmission between the cells in the body. CRAMPFIX is an effective product used by a number of top athletes at home and abroad, as well as by a large number of exercisers. It is recommended to use CRAMPFIX in conjunction with hard exertion \/ endurance competitions to reduce the risk of muscle cramps and improve muscle function. CRAMPFIX also contributes to efficient nutrient uptake and good<\/p>\n<p>1 box contains 60 capsules.<\/p>\n<p>&nbsp;<\/p>\n<h2>Usage:<\/h2>\n<p><strong>Daily dosage:<\/strong> 2-3 capsules per day. Taken in the evening before bedtime.<\/p>\n<p><strong>Usage for competition:<\/strong><\/p>\n<ul>\n<li>1 hour before start: 2 capsules.<\/li>\n<li>During competition: 1-2 capsules per hour.<br \/>\nFeel free to mix in a drinking bottle. (Open capsule and empty<br \/>\nthe contents of the drinking bottle)<\/li>\n<li>1 hour after competition: 2 capsules<br \/>\nMaximum dosage per day: 8 capsules<\/li>\n<\/ul>\n<p>&nbsp;<\/p>\n<p><iframe src=\"https:\/\/www.youtube.com\/embed\/O8TCsDkUf10\" width=\"560\" height=\"415\" frameborder=\"0\" allowfullscreen=\"allowfullscreen\"><\/iframe><\/p>\n<h3><em>\u00abI have used minerals from FJORD MINERALS for over 10 years. Of course, I use the minerals during all competitions, but also as an important part of the recovery process between training sessions \u00bb<\/em><\/h3>\n<p><strong><em>Aleksander Kristoff, Pro Cyclist<\/em><\/strong><\/p>\n<h2>Ingredients:<\/h2>\n<p>Ingredients: Potassium Carbonate, Magnesium\nCarbonate, Potassium Chloride, Sodium Bicarbonate, Sodium Chloride.<br \/>\nTablet excipients: (Gelantine,\nMagnesium salts of fatty acids, Tricalcium phosphate)<\/p>\n<p>&nbsp;<\/p>\n<p><img fetchpriority=\"high\" decoding=\"async\" class=\"alignnone size-medium wp-image-685\" src=\"https:\/\/fjordminerals.no\/wp-content\/uploads\/2022\/03\/Crampfix-Supplement.jpg\" alt=\"\" width=\"300\" height=\"300\" srcset=\"https:\/\/fjordminerals.no\/wp-content\/uploads\/2022\/03\/Crampfix-Supplement.jpg 681w, https:\/\/fjordminerals.no\/wp-content\/uploads\/2022\/03\/Crampfix-Supplement-300x166.jpg 300w, https:\/\/fjordminerals.no\/wp-content\/uploads\/2022\/03\/Crampfix-Supplement-18x10.jpg 18w, https:\/\/fjordminerals.no\/wp-content\/uploads\/2022\/03\/Crampfix-Supplement-416x230.jpg 416w\" sizes=\"(max-width: 300px) 100vw, 300px\" \/><\/p>\n<p>&nbsp;<\/p>\n<p><em>This supplement does not replace a varied diet.<\/em>\u00a0<em>Anbefalt dosering b\u00f8r ikke overskrides.<\/em><\/p>\n<p>&nbsp;<\/p>\n<p>&nbsp;<\/p>","protected":false},"excerpt":{"rendered":"<div class=\"woocs-style-2-drop-down\" style=\"width: 100%;\" data-expanded-height=\"200\">\n<div class=\"woocs-style-2-from\">\n<div class=\"woocs-style-2-from-contents\">\n<div class=\"woocs-style-2-avatar woocs-style-2-me\" style=\"background-image: url(https:\/\/fjordminerals.no\/wp-content\/uploads\/2022\/03\/Flag_of_Norway.svg_-e1647716319568.png); background-repeat: no-repeat; background-position: 0 0;\"><\/div>\n<div class=\"woocs-style-2-name\">NOK, &#107;&#114;<\/div>\n<\/p><\/div>\n<\/p><\/div>\n<div class=\"woocs-style-2-to\">\n<div class=\"woocs-style-2-to-contents\">\n<div class=\"woocs-style-2-top\" >\n<div class=\"woocs-style-2-avatar-large woocs-style-2-me\" style=\"background-image: url(https:\/\/fjordminerals.no\/wp-content\/uploads\/2022\/03\/Flag_of_Norway.svg_-e1647716319568.png); background-repeat: no-repeat; background-position: 0 0;\"><\/div>\n<div class=\"woocs-style-2-name-large\" >NOK, &#107;&#114;<\/div>\n<div class=\"woocs-style-2-x-touch\">\n<div class=\"woocs-style-2-x\" >\n<div class=\"woocs-style-2-line1\" ><\/div>\n<div class=\"woocs-style-2-line2\" ><\/div>\n<\/p><\/div>\n<\/p><\/div>\n<\/p><\/div>\n<div class=\"woocs-style-2-bottom\">\n<div class=\"woocs-style-2-row\">\n<div class=\"woocs-style-2-link\" data-currency=\"EUR\" data-flag=\"https:\/\/fjordminerals.no\/wp-content\/uploads\/2022\/03\/Euro-flag.png\" style=\"background-image: url(https:\/\/fjordminerals.no\/wp-content\/uploads\/2022\/03\/Euro-flag.png); background-size: 40px 25px; background-repeat: no-repeat; background-position: 99% 10px;; \">EUR, &euro;<\/div>\n<\/p><\/div>\n<\/p><\/div>\n<\/p><\/div>\n<\/p><\/div>\n<\/div>\n<div class=\"woocs_display_none\">FOX v.1.4.6<\/div>\n<p>1 box contains 60 capsules.<\/p>\n<p>CRAMPFIX is a mineral complex developed to ensure optimal signal transmission between the cells in the body. CRAMPFIX is an effective product used by a number of top athletes at home and abroad, as well as by a large number of exercisers.<\/p>","protected":false},"featured_media":35,"comment_status":"closed","ping_status":"closed","template":"","meta":[],"product_brand":[],"product_cat":[74,15],"product_tag":[],"class_list":{"0":"post-25","1":"product","2":"type-product","3":"status-publish","4":"has-post-thumbnail","6":"product_cat-enkeltprodukt","7":"product_cat-produkter","9":"first","10":"instock","11":"taxable","12":"shipping-taxable","13":"purchasable","14":"product-type-simple"},"yoast_head":"<!-- This site is optimized with the Yoast SEO plugin v27.2 - https:\/\/yoast.com\/product\/yoast-seo-wordpress\/ -->\n<title>Crampfix - Fjord Minerals<\/title>\n<meta name=\"description\" content=\"1 boks inneholder 60 kapsler.  CRAMPFIX er et mineralkompleks utviklet for \u00e5 sikre optimal signaloverf\u00f8ring mellom cellene i kroppen. CRAMPFIX er et effektivt produkt som brukes av en rekke topput\u00f8vere i inn- og utland, samt av et stort antall mosjonister.\" \/>\n<meta name=\"robots\" content=\"index, follow, max-snippet:-1, max-image-preview:large, max-video-preview:-1\" \/>\n<link rel=\"canonical\" href=\"https:\/\/fjordminerals.no\/en\/product\/crampfix\/\" \/>\n<meta property=\"og:locale\" content=\"en_GB\" \/>\n<meta property=\"og:type\" content=\"article\" \/>\n<meta property=\"og:title\" content=\"Crampfix - Fjord Minerals\" \/>\n<meta property=\"og:description\" content=\"1 boks inneholder 60 kapsler.  CRAMPFIX er et mineralkompleks utviklet for \u00e5 sikre optimal signaloverf\u00f8ring mellom cellene i kroppen. CRAMPFIX er et effektivt produkt som brukes av en rekke topput\u00f8vere i inn- og utland, samt av et stort antall mosjonister.\" \/>\n<meta property=\"og:url\" content=\"https:\/\/fjordminerals.no\/en\/product\/crampfix\/\" \/>\n<meta property=\"og:site_name\" content=\"Fjord Minerals\" \/>\n<meta property=\"article:publisher\" content=\"https:\/\/www.facebook.com\/fjordnutrition\" \/>\n<meta property=\"article:modified_time\" content=\"2024-03-28T11:42:46+00:00\" \/>\n<meta property=\"og:image\" content=\"https:\/\/fjordminerals.no\/wp-content\/uploads\/2020\/12\/CRAMPFIX-Fjord-minerals.jpg\" \/>\n\t<meta property=\"og:image:width\" content=\"785\" \/>\n\t<meta property=\"og:image:height\" content=\"785\" \/>\n\t<meta property=\"og:image:type\" content=\"image\/jpeg\" \/>\n<meta name=\"twitter:card\" content=\"summary_large_image\" \/>\n<meta name=\"twitter:label1\" content=\"Estimated reading time\" \/>\n\t<meta name=\"twitter:data1\" content=\"2 minutes\" \/>\n<script type=\"application\/ld+json\" class=\"yoast-schema-graph\">{\"@context\":\"https:\/\/schema.org\",\"@graph\":[{\"@type\":\"WebPage\",\"@id\":\"https:\/\/fjordminerals.no\/produkt\/crampfix\/\",\"url\":\"https:\/\/fjordminerals.no\/produkt\/crampfix\/\",\"name\":\"Crampfix - Fjord Minerals\",\"isPartOf\":{\"@id\":\"https:\/\/fjordminerals.no\/#website\"},\"primaryImageOfPage\":{\"@id\":\"https:\/\/fjordminerals.no\/produkt\/crampfix\/#primaryimage\"},\"image\":{\"@id\":\"https:\/\/fjordminerals.no\/produkt\/crampfix\/#primaryimage\"},\"thumbnailUrl\":\"https:\/\/fjordminerals.no\/wp-content\/uploads\/2020\/12\/CRAMPFIX-Fjord-minerals.jpg\",\"datePublished\":\"2020-12-16T07:55:36+00:00\",\"dateModified\":\"2024-03-28T11:42:46+00:00\",\"description\":\"1 boks inneholder 60 kapsler. CRAMPFIX er et mineralkompleks utviklet for \u00e5 sikre optimal signaloverf\u00f8ring mellom cellene i kroppen. CRAMPFIX er et effektivt produkt som brukes av en rekke topput\u00f8vere i inn- og utland, samt av et stort antall mosjonister.\",\"breadcrumb\":{\"@id\":\"https:\/\/fjordminerals.no\/produkt\/crampfix\/#breadcrumb\"},\"inLanguage\":\"en-GB\",\"potentialAction\":[{\"@type\":\"ReadAction\",\"target\":[\"https:\/\/fjordminerals.no\/produkt\/crampfix\/\"]}]},{\"@type\":\"ImageObject\",\"inLanguage\":\"en-GB\",\"@id\":\"https:\/\/fjordminerals.no\/produkt\/crampfix\/#primaryimage\",\"url\":\"https:\/\/fjordminerals.no\/wp-content\/uploads\/2020\/12\/CRAMPFIX-Fjord-minerals.jpg\",\"contentUrl\":\"https:\/\/fjordminerals.no\/wp-content\/uploads\/2020\/12\/CRAMPFIX-Fjord-minerals.jpg\",\"width\":785,\"height\":785,\"caption\":\"CRAMPFIX Fjord Minerals\"},{\"@type\":\"BreadcrumbList\",\"@id\":\"https:\/\/fjordminerals.no\/produkt\/crampfix\/#breadcrumb\",\"itemListElement\":[{\"@type\":\"ListItem\",\"position\":1,\"name\":\"Hjem\",\"item\":\"https:\/\/fjordminerals.no\/\"},{\"@type\":\"ListItem\",\"position\":2,\"name\":\"Produkter\",\"item\":\"https:\/\/fjordminerals.no\/produkter\/\"},{\"@type\":\"ListItem\",\"position\":3,\"name\":\"Crampfix\"}]},{\"@type\":\"WebSite\",\"@id\":\"https:\/\/fjordminerals.no\/#website\",\"url\":\"https:\/\/fjordminerals.no\/\",\"name\":\"Fjord Minerals\",\"description\":\"Uten mineraler stopper kroppen\",\"publisher\":{\"@id\":\"https:\/\/fjordminerals.no\/#organization\"},\"potentialAction\":[{\"@type\":\"SearchAction\",\"target\":{\"@type\":\"EntryPoint\",\"urlTemplate\":\"https:\/\/fjordminerals.no\/?s={search_term_string}\"},\"query-input\":{\"@type\":\"PropertyValueSpecification\",\"valueRequired\":true,\"valueName\":\"search_term_string\"}}],\"inLanguage\":\"en-GB\"},{\"@type\":\"Organization\",\"@id\":\"https:\/\/fjordminerals.no\/#organization\",\"name\":\"Fjord Minerals AS\",\"url\":\"https:\/\/fjordminerals.no\/\",\"logo\":{\"@type\":\"ImageObject\",\"inLanguage\":\"en-GB\",\"@id\":\"https:\/\/fjordminerals.no\/#\/schema\/logo\/image\/\",\"url\":\"https:\/\/fjordminerals.no\/wp-content\/uploads\/2020\/12\/cropped-Fjord-minerals-800px.png\",\"contentUrl\":\"https:\/\/fjordminerals.no\/wp-content\/uploads\/2020\/12\/cropped-Fjord-minerals-800px.png\",\"width\":512,\"height\":512,\"caption\":\"Fjord Minerals AS\"},\"image\":{\"@id\":\"https:\/\/fjordminerals.no\/#\/schema\/logo\/image\/\"},\"sameAs\":[\"https:\/\/www.facebook.com\/fjordnutrition\",\"http:\/\/instagram.com\/fjordminerals\/\",\"https:\/\/youtu.be\/O8TCsDkUf10\"]}]}<\/script>\n<!-- \/ Yoast SEO plugin. -->","yoast_head_json":{"title":"Crampfix - Fjord Minerals","description":"1 boks inneholder 60 kapsler.  CRAMPFIX er et mineralkompleks utviklet for \u00e5 sikre optimal signaloverf\u00f8ring mellom cellene i kroppen. CRAMPFIX er et effektivt produkt som brukes av en rekke topput\u00f8vere i inn- og utland, samt av et stort antall mosjonister.","robots":{"index":"index","follow":"follow","max-snippet":"max-snippet:-1","max-image-preview":"max-image-preview:large","max-video-preview":"max-video-preview:-1"},"canonical":"https:\/\/fjordminerals.no\/en\/product\/crampfix\/","og_locale":"en_GB","og_type":"article","og_title":"Crampfix - Fjord Minerals","og_description":"1 boks inneholder 60 kapsler.  CRAMPFIX er et mineralkompleks utviklet for \u00e5 sikre optimal signaloverf\u00f8ring mellom cellene i kroppen. CRAMPFIX er et effektivt produkt som brukes av en rekke topput\u00f8vere i inn- og utland, samt av et stort antall mosjonister.","og_url":"https:\/\/fjordminerals.no\/en\/product\/crampfix\/","og_site_name":"Fjord Minerals","article_publisher":"https:\/\/www.facebook.com\/fjordnutrition","article_modified_time":"2024-03-28T11:42:46+00:00","og_image":[{"width":785,"height":785,"url":"https:\/\/fjordminerals.no\/wp-content\/uploads\/2020\/12\/CRAMPFIX-Fjord-minerals.jpg","type":"image\/jpeg"}],"twitter_card":"summary_large_image","twitter_misc":{"Estimated reading time":"2 minutes"},"schema":{"@context":"https:\/\/schema.org","@graph":[{"@type":"WebPage","@id":"https:\/\/fjordminerals.no\/produkt\/crampfix\/","url":"https:\/\/fjordminerals.no\/produkt\/crampfix\/","name":"Crampfix - Fjord Minerals","isPartOf":{"@id":"https:\/\/fjordminerals.no\/#website"},"primaryImageOfPage":{"@id":"https:\/\/fjordminerals.no\/produkt\/crampfix\/#primaryimage"},"image":{"@id":"https:\/\/fjordminerals.no\/produkt\/crampfix\/#primaryimage"},"thumbnailUrl":"https:\/\/fjordminerals.no\/wp-content\/uploads\/2020\/12\/CRAMPFIX-Fjord-minerals.jpg","datePublished":"2020-12-16T07:55:36+00:00","dateModified":"2024-03-28T11:42:46+00:00","description":"1 boks inneholder 60 kapsler. CRAMPFIX er et mineralkompleks utviklet for \u00e5 sikre optimal signaloverf\u00f8ring mellom cellene i kroppen. CRAMPFIX er et effektivt produkt som brukes av en rekke topput\u00f8vere i inn- og utland, samt av et stort antall mosjonister.","breadcrumb":{"@id":"https:\/\/fjordminerals.no\/produkt\/crampfix\/#breadcrumb"},"inLanguage":"en-GB","potentialAction":[{"@type":"ReadAction","target":["https:\/\/fjordminerals.no\/produkt\/crampfix\/"]}]},{"@type":"ImageObject","inLanguage":"en-GB","@id":"https:\/\/fjordminerals.no\/produkt\/crampfix\/#primaryimage","url":"https:\/\/fjordminerals.no\/wp-content\/uploads\/2020\/12\/CRAMPFIX-Fjord-minerals.jpg","contentUrl":"https:\/\/fjordminerals.no\/wp-content\/uploads\/2020\/12\/CRAMPFIX-Fjord-minerals.jpg","width":785,"height":785,"caption":"CRAMPFIX Fjord Minerals"},{"@type":"BreadcrumbList","@id":"https:\/\/fjordminerals.no\/produkt\/crampfix\/#breadcrumb","itemListElement":[{"@type":"ListItem","position":1,"name":"Hjem","item":"https:\/\/fjordminerals.no\/"},{"@type":"ListItem","position":2,"name":"Produkter","item":"https:\/\/fjordminerals.no\/produkter\/"},{"@type":"ListItem","position":3,"name":"Crampfix"}]},{"@type":"WebSite","@id":"https:\/\/fjordminerals.no\/#website","url":"https:\/\/fjordminerals.no\/","name":"Fjord Minerals","description":"Uten mineraler stopper kroppen","publisher":{"@id":"https:\/\/fjordminerals.no\/#organization"},"potentialAction":[{"@type":"SearchAction","target":{"@type":"EntryPoint","urlTemplate":"https:\/\/fjordminerals.no\/?s={search_term_string}"},"query-input":{"@type":"PropertyValueSpecification","valueRequired":true,"valueName":"search_term_string"}}],"inLanguage":"en-GB"},{"@type":"Organization","@id":"https:\/\/fjordminerals.no\/#organization","name":"Fjord Minerals AS","url":"https:\/\/fjordminerals.no\/","logo":{"@type":"ImageObject","inLanguage":"en-GB","@id":"https:\/\/fjordminerals.no\/#\/schema\/logo\/image\/","url":"https:\/\/fjordminerals.no\/wp-content\/uploads\/2020\/12\/cropped-Fjord-minerals-800px.png","contentUrl":"https:\/\/fjordminerals.no\/wp-content\/uploads\/2020\/12\/cropped-Fjord-minerals-800px.png","width":512,"height":512,"caption":"Fjord Minerals AS"},"image":{"@id":"https:\/\/fjordminerals.no\/#\/schema\/logo\/image\/"},"sameAs":["https:\/\/www.facebook.com\/fjordnutrition","http:\/\/instagram.com\/fjordminerals\/","https:\/\/youtu.be\/O8TCsDkUf10"]}]}},"_links":{"self":[{"href":"https:\/\/fjordminerals.no\/en\/wp-json\/wp\/v2\/product\/25","targetHints":{"allow":["GET"]}}],"collection":[{"href":"https:\/\/fjordminerals.no\/en\/wp-json\/wp\/v2\/product"}],"about":[{"href":"https:\/\/fjordminerals.no\/en\/wp-json\/wp\/v2\/types\/product"}],"replies":[{"embeddable":true,"href":"https:\/\/fjordminerals.no\/en\/wp-json\/wp\/v2\/comments?post=25"}],"version-history":[{"count":7,"href":"https:\/\/fjordminerals.no\/en\/wp-json\/wp\/v2\/product\/25\/revisions"}],"predecessor-version":[{"id":2483,"href":"https:\/\/fjordminerals.no\/en\/wp-json\/wp\/v2\/product\/25\/revisions\/2483"}],"wp:featuredmedia":[{"embeddable":true,"href":"https:\/\/fjordminerals.no\/en\/wp-json\/wp\/v2\/media\/35"}],"wp:attachment":[{"href":"https:\/\/fjordminerals.no\/en\/wp-json\/wp\/v2\/media?parent=25"}],"wp:term":[{"taxonomy":"product_brand","embeddable":true,"href":"https:\/\/fjordminerals.no\/en\/wp-json\/wp\/v2\/product_brand?post=25"},{"taxonomy":"product_cat","embeddable":true,"href":"https:\/\/fjordminerals.no\/en\/wp-json\/wp\/v2\/product_cat?post=25"},{"taxonomy":"product_tag","embeddable":true,"href":"https:\/\/fjordminerals.no\/en\/wp-json\/wp\/v2\/product_tag?post=25"}],"curies":[{"name":"wp","href":"https:\/\/api.w.org\/{rel}","templated":true}]}}