{"id":27,"date":"2020-12-16T08:58:35","date_gmt":"2020-12-16T07:58:35","guid":{"rendered":"https:\/\/fjordminerals.no\/?post_type=product&#038;p=27"},"modified":"2024-04-07T20:03:38","modified_gmt":"2024-04-07T18:03:38","slug":"blue-fish","status":"publish","type":"product","link":"https:\/\/fjordminerals.no\/en\/product\/blue-fish\/","title":{"rendered":"Blue Fish"},"content":{"rendered":"<p>BLUE FISH kombinerer to av v\u00e5re beste r\u00e5varer &#8211; Omega3 olje fra fisk og antocyaner fra bl\u00e5b\u00e6r. H\u00f8ykonsentrert Omega3 med kombinasjonen av EPA og DHA fettsyrer, er sv\u00e6rt gunstig for hjertefunksjon, syn og hjerne. Bl\u00e5b\u00e6rekstrakten hjelper kroppens immunforsvar og har gjennom forskning vist \u00e5 kunne v\u00e6re med \u00e5 bekjempe oksidativt stress.<\/p>\n<p>One box of BLUE FISH contains 60 capsules - enough for 1 month consumption.<\/p>\n<p>&nbsp;<\/p>\n<h2>Usage:<\/h2>\n<ul>\n<li>2 capsules daily.<\/li>\n<li>To be taken with a meal.<\/li>\n<\/ul>\n<p>&nbsp;<\/p>\n<h2>Ingredients:<\/h2>\n<p>Ingredients: Fish oil concentrate. Blueberry extract (Vaccinium Myrtilus)<br \/>\nCapsule shell: Gelantin (cattle) Glycerol, Dye (Ironoxide)<\/p>\n<p>&nbsp;<\/p>\n<p><img fetchpriority=\"high\" decoding=\"async\" class=\"alignnone size-medium wp-image-674\" src=\"https:\/\/fjordminerals.no\/wp-content\/uploads\/2022\/03\/Supplement-facts-Blue-Fish.jpg\" alt=\"\" width=\"300\" height=\"300\" srcset=\"https:\/\/fjordminerals.no\/wp-content\/uploads\/2022\/03\/Supplement-facts-Blue-Fish.jpg 549w, https:\/\/fjordminerals.no\/wp-content\/uploads\/2022\/03\/Supplement-facts-Blue-Fish-300x213.jpg 300w, https:\/\/fjordminerals.no\/wp-content\/uploads\/2022\/03\/Supplement-facts-Blue-Fish-18x12.jpg 18w, https:\/\/fjordminerals.no\/wp-content\/uploads\/2022\/03\/Supplement-facts-Blue-Fish-416x296.jpg 416w\" sizes=\"(max-width: 300px) 100vw, 300px\" \/><\/p>\n<p>&nbsp;<\/p>\n<p>&nbsp;<\/p>","protected":false},"excerpt":{"rendered":"<p>One box of BLUE FISH contains 60 capsules - enough for 1 month consumption.<\/p>\n<p>BLUE FISH combines two of our best ingredients - Omega3 oil from fish and anthocyanins from blueberries. Highly concentrated Omega3 with the combination of EPA and DHA fatty acids, is very beneficial for heart function, vision and brain. The blueberry extract helps the body's immune system and has through research shown to be able to help fight oxidative stress.<\/p>","protected":false},"featured_media":34,"comment_status":"closed","ping_status":"closed","template":"","meta":[],"product_brand":[],"product_cat":[74,15],"product_tag":[],"class_list":{"0":"post-27","1":"product","2":"type-product","3":"status-publish","4":"has-post-thumbnail","6":"product_cat-enkeltprodukt","7":"product_cat-produkter","9":"first","10":"outofstock","11":"taxable","12":"shipping-taxable","13":"purchasable","14":"product-type-simple"},"yoast_head":"<!-- This site is optimized with the Yoast SEO plugin v27.2 - https:\/\/yoast.com\/product\/yoast-seo-wordpress\/ -->\n<title>Blue Fish - Fjord Minerals<\/title>\n<meta name=\"description\" content=\"En boks med BLUE FISH inneholder 60 kapsler - nok til 1 mnd forbruk.  BLUE FISH kombinerer to av v\u00e5re beste r\u00e5varer - Omega3 olje fra fisk og antocyaner fra bl\u00e5b\u00e6r. H\u00f8ykonsentrert Omega3 med kombinasjonen av EPA og DHA fettsyrer, er sv\u00e6rt gunstig for hjertefunksjon, syn og hjerne.\" \/>\n<meta name=\"robots\" content=\"index, follow, max-snippet:-1, max-image-preview:large, max-video-preview:-1\" \/>\n<link rel=\"canonical\" href=\"https:\/\/fjordminerals.no\/en\/product\/blue-fish\/\" \/>\n<meta property=\"og:locale\" content=\"en_GB\" \/>\n<meta property=\"og:type\" content=\"article\" \/>\n<meta property=\"og:title\" content=\"Blue Fish - Fjord Minerals\" \/>\n<meta property=\"og:description\" content=\"En boks med BLUE FISH inneholder 60 kapsler - nok til 1 mnd forbruk.  BLUE FISH kombinerer to av v\u00e5re beste r\u00e5varer - Omega3 olje fra fisk og antocyaner fra bl\u00e5b\u00e6r. H\u00f8ykonsentrert Omega3 med kombinasjonen av EPA og DHA fettsyrer, er sv\u00e6rt gunstig for hjertefunksjon, syn og hjerne.\" \/>\n<meta property=\"og:url\" content=\"https:\/\/fjordminerals.no\/en\/product\/blue-fish\/\" \/>\n<meta property=\"og:site_name\" content=\"Fjord Minerals\" \/>\n<meta property=\"article:publisher\" content=\"https:\/\/www.facebook.com\/fjordnutrition\" \/>\n<meta property=\"article:modified_time\" content=\"2024-04-07T18:03:38+00:00\" \/>\n<meta property=\"og:image\" content=\"https:\/\/fjordminerals.no\/wp-content\/uploads\/2020\/12\/BLUE-FISH-Fjord-Minerals.jpg\" \/>\n\t<meta property=\"og:image:width\" content=\"785\" \/>\n\t<meta property=\"og:image:height\" content=\"785\" \/>\n\t<meta property=\"og:image:type\" content=\"image\/jpeg\" \/>\n<meta name=\"twitter:card\" content=\"summary_large_image\" \/>\n<meta name=\"twitter:label1\" content=\"Estimated reading time\" \/>\n\t<meta name=\"twitter:data1\" content=\"1 minute\" \/>\n<script type=\"application\/ld+json\" class=\"yoast-schema-graph\">{\"@context\":\"https:\/\/schema.org\",\"@graph\":[{\"@type\":\"WebPage\",\"@id\":\"https:\/\/fjordminerals.no\/produkt\/blue-fish\/\",\"url\":\"https:\/\/fjordminerals.no\/produkt\/blue-fish\/\",\"name\":\"Blue Fish - Fjord Minerals\",\"isPartOf\":{\"@id\":\"https:\/\/fjordminerals.no\/#website\"},\"primaryImageOfPage\":{\"@id\":\"https:\/\/fjordminerals.no\/produkt\/blue-fish\/#primaryimage\"},\"image\":{\"@id\":\"https:\/\/fjordminerals.no\/produkt\/blue-fish\/#primaryimage\"},\"thumbnailUrl\":\"https:\/\/fjordminerals.no\/wp-content\/uploads\/2020\/12\/BLUE-FISH-Fjord-Minerals.jpg\",\"datePublished\":\"2020-12-16T07:58:35+00:00\",\"dateModified\":\"2024-04-07T18:03:38+00:00\",\"description\":\"En boks med BLUE FISH inneholder 60 kapsler - nok til 1 mnd forbruk. BLUE FISH kombinerer to av v\u00e5re beste r\u00e5varer - Omega3 olje fra fisk og antocyaner fra bl\u00e5b\u00e6r. H\u00f8ykonsentrert Omega3 med kombinasjonen av EPA og DHA fettsyrer, er sv\u00e6rt gunstig for hjertefunksjon, syn og hjerne.\",\"breadcrumb\":{\"@id\":\"https:\/\/fjordminerals.no\/produkt\/blue-fish\/#breadcrumb\"},\"inLanguage\":\"en-GB\",\"potentialAction\":[{\"@type\":\"ReadAction\",\"target\":[\"https:\/\/fjordminerals.no\/produkt\/blue-fish\/\"]}]},{\"@type\":\"ImageObject\",\"inLanguage\":\"en-GB\",\"@id\":\"https:\/\/fjordminerals.no\/produkt\/blue-fish\/#primaryimage\",\"url\":\"https:\/\/fjordminerals.no\/wp-content\/uploads\/2020\/12\/BLUE-FISH-Fjord-Minerals.jpg\",\"contentUrl\":\"https:\/\/fjordminerals.no\/wp-content\/uploads\/2020\/12\/BLUE-FISH-Fjord-Minerals.jpg\",\"width\":785,\"height\":785,\"caption\":\"BLUE FISH - Fjord Minerals\"},{\"@type\":\"BreadcrumbList\",\"@id\":\"https:\/\/fjordminerals.no\/produkt\/blue-fish\/#breadcrumb\",\"itemListElement\":[{\"@type\":\"ListItem\",\"position\":1,\"name\":\"Hjem\",\"item\":\"https:\/\/fjordminerals.no\/\"},{\"@type\":\"ListItem\",\"position\":2,\"name\":\"Produkter\",\"item\":\"https:\/\/fjordminerals.no\/produkter\/\"},{\"@type\":\"ListItem\",\"position\":3,\"name\":\"Blue Fish\"}]},{\"@type\":\"WebSite\",\"@id\":\"https:\/\/fjordminerals.no\/#website\",\"url\":\"https:\/\/fjordminerals.no\/\",\"name\":\"Fjord Minerals\",\"description\":\"Uten mineraler stopper kroppen\",\"publisher\":{\"@id\":\"https:\/\/fjordminerals.no\/#organization\"},\"potentialAction\":[{\"@type\":\"SearchAction\",\"target\":{\"@type\":\"EntryPoint\",\"urlTemplate\":\"https:\/\/fjordminerals.no\/?s={search_term_string}\"},\"query-input\":{\"@type\":\"PropertyValueSpecification\",\"valueRequired\":true,\"valueName\":\"search_term_string\"}}],\"inLanguage\":\"en-GB\"},{\"@type\":\"Organization\",\"@id\":\"https:\/\/fjordminerals.no\/#organization\",\"name\":\"Fjord Minerals AS\",\"url\":\"https:\/\/fjordminerals.no\/\",\"logo\":{\"@type\":\"ImageObject\",\"inLanguage\":\"en-GB\",\"@id\":\"https:\/\/fjordminerals.no\/#\/schema\/logo\/image\/\",\"url\":\"https:\/\/fjordminerals.no\/wp-content\/uploads\/2020\/12\/cropped-Fjord-minerals-800px.png\",\"contentUrl\":\"https:\/\/fjordminerals.no\/wp-content\/uploads\/2020\/12\/cropped-Fjord-minerals-800px.png\",\"width\":512,\"height\":512,\"caption\":\"Fjord Minerals AS\"},\"image\":{\"@id\":\"https:\/\/fjordminerals.no\/#\/schema\/logo\/image\/\"},\"sameAs\":[\"https:\/\/www.facebook.com\/fjordnutrition\",\"http:\/\/instagram.com\/fjordminerals\/\",\"https:\/\/youtu.be\/O8TCsDkUf10\"]}]}<\/script>\n<!-- \/ Yoast SEO plugin. -->","yoast_head_json":{"title":"Blue Fish - Fjord Minerals","description":"En boks med BLUE FISH inneholder 60 kapsler - nok til 1 mnd forbruk.  BLUE FISH kombinerer to av v\u00e5re beste r\u00e5varer - Omega3 olje fra fisk og antocyaner fra bl\u00e5b\u00e6r. H\u00f8ykonsentrert Omega3 med kombinasjonen av EPA og DHA fettsyrer, er sv\u00e6rt gunstig for hjertefunksjon, syn og hjerne.","robots":{"index":"index","follow":"follow","max-snippet":"max-snippet:-1","max-image-preview":"max-image-preview:large","max-video-preview":"max-video-preview:-1"},"canonical":"https:\/\/fjordminerals.no\/en\/product\/blue-fish\/","og_locale":"en_GB","og_type":"article","og_title":"Blue Fish - Fjord Minerals","og_description":"En boks med BLUE FISH inneholder 60 kapsler - nok til 1 mnd forbruk.  BLUE FISH kombinerer to av v\u00e5re beste r\u00e5varer - Omega3 olje fra fisk og antocyaner fra bl\u00e5b\u00e6r. H\u00f8ykonsentrert Omega3 med kombinasjonen av EPA og DHA fettsyrer, er sv\u00e6rt gunstig for hjertefunksjon, syn og hjerne.","og_url":"https:\/\/fjordminerals.no\/en\/product\/blue-fish\/","og_site_name":"Fjord Minerals","article_publisher":"https:\/\/www.facebook.com\/fjordnutrition","article_modified_time":"2024-04-07T18:03:38+00:00","og_image":[{"width":785,"height":785,"url":"https:\/\/fjordminerals.no\/wp-content\/uploads\/2020\/12\/BLUE-FISH-Fjord-Minerals.jpg","type":"image\/jpeg"}],"twitter_card":"summary_large_image","twitter_misc":{"Estimated reading time":"1 minute"},"schema":{"@context":"https:\/\/schema.org","@graph":[{"@type":"WebPage","@id":"https:\/\/fjordminerals.no\/produkt\/blue-fish\/","url":"https:\/\/fjordminerals.no\/produkt\/blue-fish\/","name":"Blue Fish - Fjord Minerals","isPartOf":{"@id":"https:\/\/fjordminerals.no\/#website"},"primaryImageOfPage":{"@id":"https:\/\/fjordminerals.no\/produkt\/blue-fish\/#primaryimage"},"image":{"@id":"https:\/\/fjordminerals.no\/produkt\/blue-fish\/#primaryimage"},"thumbnailUrl":"https:\/\/fjordminerals.no\/wp-content\/uploads\/2020\/12\/BLUE-FISH-Fjord-Minerals.jpg","datePublished":"2020-12-16T07:58:35+00:00","dateModified":"2024-04-07T18:03:38+00:00","description":"En boks med BLUE FISH inneholder 60 kapsler - nok til 1 mnd forbruk. BLUE FISH kombinerer to av v\u00e5re beste r\u00e5varer - Omega3 olje fra fisk og antocyaner fra bl\u00e5b\u00e6r. H\u00f8ykonsentrert Omega3 med kombinasjonen av EPA og DHA fettsyrer, er sv\u00e6rt gunstig for hjertefunksjon, syn og hjerne.","breadcrumb":{"@id":"https:\/\/fjordminerals.no\/produkt\/blue-fish\/#breadcrumb"},"inLanguage":"en-GB","potentialAction":[{"@type":"ReadAction","target":["https:\/\/fjordminerals.no\/produkt\/blue-fish\/"]}]},{"@type":"ImageObject","inLanguage":"en-GB","@id":"https:\/\/fjordminerals.no\/produkt\/blue-fish\/#primaryimage","url":"https:\/\/fjordminerals.no\/wp-content\/uploads\/2020\/12\/BLUE-FISH-Fjord-Minerals.jpg","contentUrl":"https:\/\/fjordminerals.no\/wp-content\/uploads\/2020\/12\/BLUE-FISH-Fjord-Minerals.jpg","width":785,"height":785,"caption":"BLUE FISH - Fjord Minerals"},{"@type":"BreadcrumbList","@id":"https:\/\/fjordminerals.no\/produkt\/blue-fish\/#breadcrumb","itemListElement":[{"@type":"ListItem","position":1,"name":"Hjem","item":"https:\/\/fjordminerals.no\/"},{"@type":"ListItem","position":2,"name":"Produkter","item":"https:\/\/fjordminerals.no\/produkter\/"},{"@type":"ListItem","position":3,"name":"Blue Fish"}]},{"@type":"WebSite","@id":"https:\/\/fjordminerals.no\/#website","url":"https:\/\/fjordminerals.no\/","name":"Fjord Minerals","description":"Uten mineraler stopper kroppen","publisher":{"@id":"https:\/\/fjordminerals.no\/#organization"},"potentialAction":[{"@type":"SearchAction","target":{"@type":"EntryPoint","urlTemplate":"https:\/\/fjordminerals.no\/?s={search_term_string}"},"query-input":{"@type":"PropertyValueSpecification","valueRequired":true,"valueName":"search_term_string"}}],"inLanguage":"en-GB"},{"@type":"Organization","@id":"https:\/\/fjordminerals.no\/#organization","name":"Fjord Minerals AS","url":"https:\/\/fjordminerals.no\/","logo":{"@type":"ImageObject","inLanguage":"en-GB","@id":"https:\/\/fjordminerals.no\/#\/schema\/logo\/image\/","url":"https:\/\/fjordminerals.no\/wp-content\/uploads\/2020\/12\/cropped-Fjord-minerals-800px.png","contentUrl":"https:\/\/fjordminerals.no\/wp-content\/uploads\/2020\/12\/cropped-Fjord-minerals-800px.png","width":512,"height":512,"caption":"Fjord Minerals AS"},"image":{"@id":"https:\/\/fjordminerals.no\/#\/schema\/logo\/image\/"},"sameAs":["https:\/\/www.facebook.com\/fjordnutrition","http:\/\/instagram.com\/fjordminerals\/","https:\/\/youtu.be\/O8TCsDkUf10"]}]}},"_links":{"self":[{"href":"https:\/\/fjordminerals.no\/en\/wp-json\/wp\/v2\/product\/27","targetHints":{"allow":["GET"]}}],"collection":[{"href":"https:\/\/fjordminerals.no\/en\/wp-json\/wp\/v2\/product"}],"about":[{"href":"https:\/\/fjordminerals.no\/en\/wp-json\/wp\/v2\/types\/product"}],"replies":[{"embeddable":true,"href":"https:\/\/fjordminerals.no\/en\/wp-json\/wp\/v2\/comments?post=27"}],"version-history":[{"count":9,"href":"https:\/\/fjordminerals.no\/en\/wp-json\/wp\/v2\/product\/27\/revisions"}],"predecessor-version":[{"id":675,"href":"https:\/\/fjordminerals.no\/en\/wp-json\/wp\/v2\/product\/27\/revisions\/675"}],"wp:featuredmedia":[{"embeddable":true,"href":"https:\/\/fjordminerals.no\/en\/wp-json\/wp\/v2\/media\/34"}],"wp:attachment":[{"href":"https:\/\/fjordminerals.no\/en\/wp-json\/wp\/v2\/media?parent=27"}],"wp:term":[{"taxonomy":"product_brand","embeddable":true,"href":"https:\/\/fjordminerals.no\/en\/wp-json\/wp\/v2\/product_brand?post=27"},{"taxonomy":"product_cat","embeddable":true,"href":"https:\/\/fjordminerals.no\/en\/wp-json\/wp\/v2\/product_cat?post=27"},{"taxonomy":"product_tag","embeddable":true,"href":"https:\/\/fjordminerals.no\/en\/wp-json\/wp\/v2\/product_tag?post=27"}],"curies":[{"name":"wp","href":"https:\/\/api.w.org\/{rel}","templated":true}]}}